{"id":3150,"date":"2017-05-25T00:25:26","date_gmt":"2017-05-24T22:25:26","guid":{"rendered":"https:\/\/izoterm-plama.si\/embalaza\/tehnicna-embalaza\/"},"modified":"2020-10-04T22:07:50","modified_gmt":"2020-10-04T20:07:50","slug":"tehnicna-embalaza","status":"publish","type":"page","link":"https:\/\/izoterm-plama.si\/sr\/embalaza\/tehnicna-embalaza\/","title":{"rendered":"Tehni\u010dka ambala\u017ea"},"content":{"rendered":"","protected":false},"excerpt":{"rendered":"","protected":false},"author":1,"featured_media":681,"parent":3143,"menu_order":0,"comment_status":"closed","ping_status":"closed","template":"packaging-type.php","meta":{"_acf_changed":false,"footnotes":""},"class_list":["post-3150","page","type-page","status-publish","has-post-thumbnail","hentry"],"acf":[],"yoast_head":"<!-- This site is optimized with the Yoast SEO plugin v27.3 - https:\/\/yoast.com\/product\/yoast-seo-wordpress\/ -->\n<title>Tehni\u010dka ambala\u017ea - Izoterm Plama<\/title>\n<meta name=\"robots\" content=\"noindex, follow\" \/>\n<meta property=\"og:locale\" content=\"sr_RS\" \/>\n<meta property=\"og:type\" content=\"article\" \/>\n<meta property=\"og:title\" content=\"Tehni\u010dka ambala\u017ea - Izoterm Plama\" \/>\n<meta property=\"og:url\" content=\"https:\/\/izoterm-plama.si\/sr\/embalaza\/tehnicna-embalaza\/\" \/>\n<meta property=\"og:site_name\" content=\"Izoterm Plama\" \/>\n<meta property=\"article:modified_time\" content=\"2020-10-04T20:07:50+00:00\" \/>\n<meta property=\"og:image\" content=\"https:\/\/izoterm-plama.si\/wp-content\/uploads\/2017\/05\/tehnicna_embalaza.png\" \/>\n\t<meta property=\"og:image:width\" content=\"1440\" \/>\n\t<meta property=\"og:image:height\" content=\"400\" \/>\n\t<meta property=\"og:image:type\" content=\"image\/png\" \/>\n<meta name=\"twitter:card\" content=\"summary_large_image\" \/>\n<script type=\"application\/ld+json\" class=\"yoast-schema-graph\">{\"@context\":\"https:\\\/\\\/schema.org\",\"@graph\":[{\"@type\":\"WebPage\",\"@id\":\"https:\\\/\\\/izoterm-plama.si\\\/sr\\\/embalaza\\\/tehnicna-embalaza\\\/\",\"url\":\"https:\\\/\\\/izoterm-plama.si\\\/sr\\\/embalaza\\\/tehnicna-embalaza\\\/\",\"name\":\"Tehni\u010dka ambala\u017ea - Izoterm Plama\",\"isPartOf\":{\"@id\":\"https:\\\/\\\/izoterm-plama.si\\\/en\\\/#website\"},\"primaryImageOfPage\":{\"@id\":\"https:\\\/\\\/izoterm-plama.si\\\/sr\\\/embalaza\\\/tehnicna-embalaza\\\/#primaryimage\"},\"image\":{\"@id\":\"https:\\\/\\\/izoterm-plama.si\\\/sr\\\/embalaza\\\/tehnicna-embalaza\\\/#primaryimage\"},\"thumbnailUrl\":\"https:\\\/\\\/izoterm-plama.si\\\/wp-content\\\/uploads\\\/2017\\\/05\\\/tehnicna_embalaza.png\",\"datePublished\":\"2017-05-24T22:25:26+00:00\",\"dateModified\":\"2020-10-04T20:07:50+00:00\",\"breadcrumb\":{\"@id\":\"https:\\\/\\\/izoterm-plama.si\\\/sr\\\/embalaza\\\/tehnicna-embalaza\\\/#breadcrumb\"},\"inLanguage\":\"sr-RS\",\"potentialAction\":[{\"@type\":\"ReadAction\",\"target\":[\"https:\\\/\\\/izoterm-plama.si\\\/sr\\\/embalaza\\\/tehnicna-embalaza\\\/\"]}]},{\"@type\":\"ImageObject\",\"inLanguage\":\"sr-RS\",\"@id\":\"https:\\\/\\\/izoterm-plama.si\\\/sr\\\/embalaza\\\/tehnicna-embalaza\\\/#primaryimage\",\"url\":\"https:\\\/\\\/izoterm-plama.si\\\/wp-content\\\/uploads\\\/2017\\\/05\\\/tehnicna_embalaza.png\",\"contentUrl\":\"https:\\\/\\\/izoterm-plama.si\\\/wp-content\\\/uploads\\\/2017\\\/05\\\/tehnicna_embalaza.png\",\"width\":1440,\"height\":400,\"caption\":\"Tehni\u010dna embala\u017ea\"},{\"@type\":\"BreadcrumbList\",\"@id\":\"https:\\\/\\\/izoterm-plama.si\\\/sr\\\/embalaza\\\/tehnicna-embalaza\\\/#breadcrumb\",\"itemListElement\":[{\"@type\":\"ListItem\",\"position\":1,\"name\":\"Home\",\"item\":\"https:\\\/\\\/izoterm-plama.si\\\/sr\\\/\"},{\"@type\":\"ListItem\",\"position\":2,\"name\":\"Ambala\u017ea\",\"item\":\"https:\\\/\\\/izoterm-plama.si\\\/sr\\\/embalaza\\\/\"},{\"@type\":\"ListItem\",\"position\":3,\"name\":\"Tehni\u010dka ambala\u017ea\"}]},{\"@type\":\"WebSite\",\"@id\":\"https:\\\/\\\/izoterm-plama.si\\\/en\\\/#website\",\"url\":\"https:\\\/\\\/izoterm-plama.si\\\/en\\\/\",\"name\":\"Izoterm Plama\",\"description\":\"Specialisti na podro\u010dju izdelkov za toplotno in zvo\u010dno Stran 18 od 24 izolacijo ter embala\u017enega programa.\",\"publisher\":{\"@id\":\"https:\\\/\\\/izoterm-plama.si\\\/en\\\/#organization\"},\"potentialAction\":[{\"@type\":\"SearchAction\",\"target\":{\"@type\":\"EntryPoint\",\"urlTemplate\":\"https:\\\/\\\/izoterm-plama.si\\\/en\\\/?s={search_term_string}\"},\"query-input\":{\"@type\":\"PropertyValueSpecification\",\"valueRequired\":true,\"valueName\":\"search_term_string\"}}],\"inLanguage\":\"sr-RS\"},{\"@type\":\"Organization\",\"@id\":\"https:\\\/\\\/izoterm-plama.si\\\/en\\\/#organization\",\"name\":\"Izoterm Plama\",\"url\":\"https:\\\/\\\/izoterm-plama.si\\\/en\\\/\",\"logo\":{\"@type\":\"ImageObject\",\"inLanguage\":\"sr-RS\",\"@id\":\"https:\\\/\\\/izoterm-plama.si\\\/en\\\/#\\\/schema\\\/logo\\\/image\\\/\",\"url\":\"https:\\\/\\\/izoterm-plama.si\\\/wp-content\\\/uploads\\\/2018\\\/04\\\/izoterm-plama-embalaza-izolacija.png\",\"contentUrl\":\"https:\\\/\\\/izoterm-plama.si\\\/wp-content\\\/uploads\\\/2018\\\/04\\\/izoterm-plama-embalaza-izolacija.png\",\"width\":180,\"height\":48,\"caption\":\"Izoterm Plama\"},\"image\":{\"@id\":\"https:\\\/\\\/izoterm-plama.si\\\/en\\\/#\\\/schema\\\/logo\\\/image\\\/\"}}]}<\/script>\n<!-- \/ Yoast SEO plugin. -->","yoast_head_json":{"title":"Tehni\u010dka ambala\u017ea - Izoterm Plama","robots":{"index":"noindex","follow":"follow"},"og_locale":"sr_RS","og_type":"article","og_title":"Tehni\u010dka ambala\u017ea - Izoterm Plama","og_url":"https:\/\/izoterm-plama.si\/sr\/embalaza\/tehnicna-embalaza\/","og_site_name":"Izoterm Plama","article_modified_time":"2020-10-04T20:07:50+00:00","og_image":[{"width":1440,"height":400,"url":"https:\/\/izoterm-plama.si\/wp-content\/uploads\/2017\/05\/tehnicna_embalaza.png","type":"image\/png"}],"twitter_card":"summary_large_image","schema":{"@context":"https:\/\/schema.org","@graph":[{"@type":"WebPage","@id":"https:\/\/izoterm-plama.si\/sr\/embalaza\/tehnicna-embalaza\/","url":"https:\/\/izoterm-plama.si\/sr\/embalaza\/tehnicna-embalaza\/","name":"Tehni\u010dka ambala\u017ea - Izoterm Plama","isPartOf":{"@id":"https:\/\/izoterm-plama.si\/en\/#website"},"primaryImageOfPage":{"@id":"https:\/\/izoterm-plama.si\/sr\/embalaza\/tehnicna-embalaza\/#primaryimage"},"image":{"@id":"https:\/\/izoterm-plama.si\/sr\/embalaza\/tehnicna-embalaza\/#primaryimage"},"thumbnailUrl":"https:\/\/izoterm-plama.si\/wp-content\/uploads\/2017\/05\/tehnicna_embalaza.png","datePublished":"2017-05-24T22:25:26+00:00","dateModified":"2020-10-04T20:07:50+00:00","breadcrumb":{"@id":"https:\/\/izoterm-plama.si\/sr\/embalaza\/tehnicna-embalaza\/#breadcrumb"},"inLanguage":"sr-RS","potentialAction":[{"@type":"ReadAction","target":["https:\/\/izoterm-plama.si\/sr\/embalaza\/tehnicna-embalaza\/"]}]},{"@type":"ImageObject","inLanguage":"sr-RS","@id":"https:\/\/izoterm-plama.si\/sr\/embalaza\/tehnicna-embalaza\/#primaryimage","url":"https:\/\/izoterm-plama.si\/wp-content\/uploads\/2017\/05\/tehnicna_embalaza.png","contentUrl":"https:\/\/izoterm-plama.si\/wp-content\/uploads\/2017\/05\/tehnicna_embalaza.png","width":1440,"height":400,"caption":"Tehni\u010dna embala\u017ea"},{"@type":"BreadcrumbList","@id":"https:\/\/izoterm-plama.si\/sr\/embalaza\/tehnicna-embalaza\/#breadcrumb","itemListElement":[{"@type":"ListItem","position":1,"name":"Home","item":"https:\/\/izoterm-plama.si\/sr\/"},{"@type":"ListItem","position":2,"name":"Ambala\u017ea","item":"https:\/\/izoterm-plama.si\/sr\/embalaza\/"},{"@type":"ListItem","position":3,"name":"Tehni\u010dka ambala\u017ea"}]},{"@type":"WebSite","@id":"https:\/\/izoterm-plama.si\/en\/#website","url":"https:\/\/izoterm-plama.si\/en\/","name":"Izoterm Plama","description":"Specialisti na podro\u010dju izdelkov za toplotno in zvo\u010dno Stran 18 od 24 izolacijo ter embala\u017enega programa.","publisher":{"@id":"https:\/\/izoterm-plama.si\/en\/#organization"},"potentialAction":[{"@type":"SearchAction","target":{"@type":"EntryPoint","urlTemplate":"https:\/\/izoterm-plama.si\/en\/?s={search_term_string}"},"query-input":{"@type":"PropertyValueSpecification","valueRequired":true,"valueName":"search_term_string"}}],"inLanguage":"sr-RS"},{"@type":"Organization","@id":"https:\/\/izoterm-plama.si\/en\/#organization","name":"Izoterm Plama","url":"https:\/\/izoterm-plama.si\/en\/","logo":{"@type":"ImageObject","inLanguage":"sr-RS","@id":"https:\/\/izoterm-plama.si\/en\/#\/schema\/logo\/image\/","url":"https:\/\/izoterm-plama.si\/wp-content\/uploads\/2018\/04\/izoterm-plama-embalaza-izolacija.png","contentUrl":"https:\/\/izoterm-plama.si\/wp-content\/uploads\/2018\/04\/izoterm-plama-embalaza-izolacija.png","width":180,"height":48,"caption":"Izoterm Plama"},"image":{"@id":"https:\/\/izoterm-plama.si\/en\/#\/schema\/logo\/image\/"}}]}},"_links":{"self":[{"href":"https:\/\/izoterm-plama.si\/sr\/wp-json\/wp\/v2\/pages\/3150","targetHints":{"allow":["GET"]}}],"collection":[{"href":"https:\/\/izoterm-plama.si\/sr\/wp-json\/wp\/v2\/pages"}],"about":[{"href":"https:\/\/izoterm-plama.si\/sr\/wp-json\/wp\/v2\/types\/page"}],"author":[{"embeddable":true,"href":"https:\/\/izoterm-plama.si\/sr\/wp-json\/wp\/v2\/users\/1"}],"replies":[{"embeddable":true,"href":"https:\/\/izoterm-plama.si\/sr\/wp-json\/wp\/v2\/comments?post=3150"}],"version-history":[{"count":3,"href":"https:\/\/izoterm-plama.si\/sr\/wp-json\/wp\/v2\/pages\/3150\/revisions"}],"predecessor-version":[{"id":8031,"href":"https:\/\/izoterm-plama.si\/sr\/wp-json\/wp\/v2\/pages\/3150\/revisions\/8031"}],"up":[{"embeddable":true,"href":"https:\/\/izoterm-plama.si\/sr\/wp-json\/wp\/v2\/pages\/3143"}],"wp:featuredmedia":[{"embeddable":true,"href":"https:\/\/izoterm-plama.si\/sr\/wp-json\/wp\/v2\/media\/681"}],"wp:attachment":[{"href":"https:\/\/izoterm-plama.si\/sr\/wp-json\/wp\/v2\/media?parent=3150"}],"curies":[{"name":"wp","href":"https:\/\/api.w.org\/{rel}","templated":true}]}}