{"id":2929,"date":"2016-07-06T17:18:22","date_gmt":"2016-07-06T17:18:22","guid":{"rendered":"https:\/\/izoterm-plama.si\/domov\/"},"modified":"2021-05-13T21:09:58","modified_gmt":"2021-05-13T19:09:58","slug":"domov","status":"publish","type":"page","link":"https:\/\/izoterm-plama.si\/sr\/","title":{"rendered":"Domov"},"content":{"rendered":"<p>Izoterm-Plama d.o.o. se uvr\u0161\u010da med tehnolo\u0161ko najbolje opremljena podjetja na podro\u010dju PE pene v tem delu Evrope, kar zagotavlja visoko kakovost izdelkov, optimalno fleksibilnost proizvodnje in zadovoljstvo kupcev.<\/p>\n","protected":false},"excerpt":{"rendered":"<p>Izoterm-Plama d.o.o. se uvr\u0161\u010da med tehnolo\u0161ko najbolje opremljena podjetja na podro\u010dju PE pene v tem delu Evrope, kar zagotavlja visoko kakovost izdelkov, optimalno fleksibilnost proizvodnje in zadovoljstvo kupcev.<\/p>\n","protected":false},"author":1,"featured_media":104,"parent":0,"menu_order":0,"comment_status":"closed","ping_status":"closed","template":"","meta":{"_acf_changed":false,"footnotes":""},"class_list":["post-2929","page","type-page","status-publish","has-post-thumbnail","hentry"],"acf":[],"yoast_head":"<!-- This site is optimized with the Yoast SEO plugin v27.4 - https:\/\/yoast.com\/product\/yoast-seo-wordpress\/ -->\n<title>Domov - Izoterm Plama<\/title>\n<meta name=\"robots\" content=\"noindex, follow\" \/>\n<meta property=\"og:locale\" content=\"sr_RS\" \/>\n<meta property=\"og:type\" content=\"article\" \/>\n<meta property=\"og:title\" content=\"Domov - Izoterm Plama\" \/>\n<meta property=\"og:description\" content=\"Izoterm-Plama d.o.o. se uvr\u0161\u010da med tehnolo\u0161ko najbolje opremljena podjetja na podro\u010dju PE pene v tem delu Evrope, kar zagotavlja visoko kakovost izdelkov, optimalno fleksibilnost proizvodnje in zadovoljstvo kupcev.\" \/>\n<meta property=\"og:url\" content=\"https:\/\/izoterm-plama.si\/sr\/\" \/>\n<meta property=\"og:site_name\" content=\"Izoterm Plama\" \/>\n<meta property=\"article:modified_time\" content=\"2021-05-13T19:09:58+00:00\" \/>\n<meta property=\"og:image\" content=\"https:\/\/izoterm-plama.si\/wp-content\/uploads\/2016\/07\/index-background.jpg\" \/>\n\t<meta property=\"og:image:width\" content=\"1920\" \/>\n\t<meta property=\"og:image:height\" content=\"827\" \/>\n\t<meta property=\"og:image:type\" content=\"image\/jpeg\" \/>\n<meta name=\"twitter:card\" content=\"summary_large_image\" \/>\n<script type=\"application\/ld+json\" class=\"yoast-schema-graph\">{\"@context\":\"https:\\\/\\\/schema.org\",\"@graph\":[{\"@type\":\"WebPage\",\"@id\":\"https:\\\/\\\/izoterm-plama.si\\\/sr\\\/\",\"url\":\"https:\\\/\\\/izoterm-plama.si\\\/sr\\\/\",\"name\":\"Domov - Izoterm Plama\",\"isPartOf\":{\"@id\":\"https:\\\/\\\/izoterm-plama.si\\\/en\\\/#website\"},\"primaryImageOfPage\":{\"@id\":\"https:\\\/\\\/izoterm-plama.si\\\/sr\\\/#primaryimage\"},\"image\":{\"@id\":\"https:\\\/\\\/izoterm-plama.si\\\/sr\\\/#primaryimage\"},\"thumbnailUrl\":\"https:\\\/\\\/izoterm-plama.si\\\/wp-content\\\/uploads\\\/2016\\\/07\\\/index-background.jpg\",\"datePublished\":\"2016-07-06T17:18:22+00:00\",\"dateModified\":\"2021-05-13T19:09:58+00:00\",\"breadcrumb\":{\"@id\":\"https:\\\/\\\/izoterm-plama.si\\\/sr\\\/#breadcrumb\"},\"inLanguage\":\"sr-RS\",\"potentialAction\":[{\"@type\":\"ReadAction\",\"target\":[\"https:\\\/\\\/izoterm-plama.si\\\/sr\\\/\"]}]},{\"@type\":\"ImageObject\",\"inLanguage\":\"sr-RS\",\"@id\":\"https:\\\/\\\/izoterm-plama.si\\\/sr\\\/#primaryimage\",\"url\":\"https:\\\/\\\/izoterm-plama.si\\\/wp-content\\\/uploads\\\/2016\\\/07\\\/index-background.jpg\",\"contentUrl\":\"https:\\\/\\\/izoterm-plama.si\\\/wp-content\\\/uploads\\\/2016\\\/07\\\/index-background.jpg\",\"width\":1920,\"height\":827},{\"@type\":\"BreadcrumbList\",\"@id\":\"https:\\\/\\\/izoterm-plama.si\\\/sr\\\/#breadcrumb\",\"itemListElement\":[{\"@type\":\"ListItem\",\"position\":1,\"name\":\"Home\",\"item\":\"https:\\\/\\\/izoterm-plama.si\\\/sr\\\/\"},{\"@type\":\"ListItem\",\"position\":2,\"name\":\"Domov\"}]},{\"@type\":\"WebSite\",\"@id\":\"https:\\\/\\\/izoterm-plama.si\\\/en\\\/#website\",\"url\":\"https:\\\/\\\/izoterm-plama.si\\\/en\\\/\",\"name\":\"Izoterm Plama\",\"description\":\"Specialisti na podro\u010dju izdelkov za toplotno in zvo\u010dno Stran 18 od 24 izolacijo ter embala\u017enega programa.\",\"publisher\":{\"@id\":\"https:\\\/\\\/izoterm-plama.si\\\/en\\\/#organization\"},\"potentialAction\":[{\"@type\":\"SearchAction\",\"target\":{\"@type\":\"EntryPoint\",\"urlTemplate\":\"https:\\\/\\\/izoterm-plama.si\\\/en\\\/?s={search_term_string}\"},\"query-input\":{\"@type\":\"PropertyValueSpecification\",\"valueRequired\":true,\"valueName\":\"search_term_string\"}}],\"inLanguage\":\"sr-RS\"},{\"@type\":\"Organization\",\"@id\":\"https:\\\/\\\/izoterm-plama.si\\\/en\\\/#organization\",\"name\":\"Izoterm Plama\",\"url\":\"https:\\\/\\\/izoterm-plama.si\\\/en\\\/\",\"logo\":{\"@type\":\"ImageObject\",\"inLanguage\":\"sr-RS\",\"@id\":\"https:\\\/\\\/izoterm-plama.si\\\/en\\\/#\\\/schema\\\/logo\\\/image\\\/\",\"url\":\"https:\\\/\\\/izoterm-plama.si\\\/wp-content\\\/uploads\\\/2018\\\/04\\\/izoterm-plama-embalaza-izolacija.png\",\"contentUrl\":\"https:\\\/\\\/izoterm-plama.si\\\/wp-content\\\/uploads\\\/2018\\\/04\\\/izoterm-plama-embalaza-izolacija.png\",\"width\":180,\"height\":48,\"caption\":\"Izoterm Plama\"},\"image\":{\"@id\":\"https:\\\/\\\/izoterm-plama.si\\\/en\\\/#\\\/schema\\\/logo\\\/image\\\/\"}}]}<\/script>\n<!-- \/ Yoast SEO plugin. -->","yoast_head_json":{"title":"Domov - Izoterm Plama","robots":{"index":"noindex","follow":"follow"},"og_locale":"sr_RS","og_type":"article","og_title":"Domov - Izoterm Plama","og_description":"Izoterm-Plama d.o.o. se uvr\u0161\u010da med tehnolo\u0161ko najbolje opremljena podjetja na podro\u010dju PE pene v tem delu Evrope, kar zagotavlja visoko kakovost izdelkov, optimalno fleksibilnost proizvodnje in zadovoljstvo kupcev.","og_url":"https:\/\/izoterm-plama.si\/sr\/","og_site_name":"Izoterm Plama","article_modified_time":"2021-05-13T19:09:58+00:00","og_image":[{"width":1920,"height":827,"url":"https:\/\/izoterm-plama.si\/wp-content\/uploads\/2016\/07\/index-background.jpg","type":"image\/jpeg"}],"twitter_card":"summary_large_image","schema":{"@context":"https:\/\/schema.org","@graph":[{"@type":"WebPage","@id":"https:\/\/izoterm-plama.si\/sr\/","url":"https:\/\/izoterm-plama.si\/sr\/","name":"Domov - Izoterm Plama","isPartOf":{"@id":"https:\/\/izoterm-plama.si\/en\/#website"},"primaryImageOfPage":{"@id":"https:\/\/izoterm-plama.si\/sr\/#primaryimage"},"image":{"@id":"https:\/\/izoterm-plama.si\/sr\/#primaryimage"},"thumbnailUrl":"https:\/\/izoterm-plama.si\/wp-content\/uploads\/2016\/07\/index-background.jpg","datePublished":"2016-07-06T17:18:22+00:00","dateModified":"2021-05-13T19:09:58+00:00","breadcrumb":{"@id":"https:\/\/izoterm-plama.si\/sr\/#breadcrumb"},"inLanguage":"sr-RS","potentialAction":[{"@type":"ReadAction","target":["https:\/\/izoterm-plama.si\/sr\/"]}]},{"@type":"ImageObject","inLanguage":"sr-RS","@id":"https:\/\/izoterm-plama.si\/sr\/#primaryimage","url":"https:\/\/izoterm-plama.si\/wp-content\/uploads\/2016\/07\/index-background.jpg","contentUrl":"https:\/\/izoterm-plama.si\/wp-content\/uploads\/2016\/07\/index-background.jpg","width":1920,"height":827},{"@type":"BreadcrumbList","@id":"https:\/\/izoterm-plama.si\/sr\/#breadcrumb","itemListElement":[{"@type":"ListItem","position":1,"name":"Home","item":"https:\/\/izoterm-plama.si\/sr\/"},{"@type":"ListItem","position":2,"name":"Domov"}]},{"@type":"WebSite","@id":"https:\/\/izoterm-plama.si\/en\/#website","url":"https:\/\/izoterm-plama.si\/en\/","name":"Izoterm Plama","description":"Specialisti na podro\u010dju izdelkov za toplotno in zvo\u010dno Stran 18 od 24 izolacijo ter embala\u017enega programa.","publisher":{"@id":"https:\/\/izoterm-plama.si\/en\/#organization"},"potentialAction":[{"@type":"SearchAction","target":{"@type":"EntryPoint","urlTemplate":"https:\/\/izoterm-plama.si\/en\/?s={search_term_string}"},"query-input":{"@type":"PropertyValueSpecification","valueRequired":true,"valueName":"search_term_string"}}],"inLanguage":"sr-RS"},{"@type":"Organization","@id":"https:\/\/izoterm-plama.si\/en\/#organization","name":"Izoterm Plama","url":"https:\/\/izoterm-plama.si\/en\/","logo":{"@type":"ImageObject","inLanguage":"sr-RS","@id":"https:\/\/izoterm-plama.si\/en\/#\/schema\/logo\/image\/","url":"https:\/\/izoterm-plama.si\/wp-content\/uploads\/2018\/04\/izoterm-plama-embalaza-izolacija.png","contentUrl":"https:\/\/izoterm-plama.si\/wp-content\/uploads\/2018\/04\/izoterm-plama-embalaza-izolacija.png","width":180,"height":48,"caption":"Izoterm Plama"},"image":{"@id":"https:\/\/izoterm-plama.si\/en\/#\/schema\/logo\/image\/"}}]}},"_links":{"self":[{"href":"https:\/\/izoterm-plama.si\/sr\/wp-json\/wp\/v2\/pages\/2929","targetHints":{"allow":["GET"]}}],"collection":[{"href":"https:\/\/izoterm-plama.si\/sr\/wp-json\/wp\/v2\/pages"}],"about":[{"href":"https:\/\/izoterm-plama.si\/sr\/wp-json\/wp\/v2\/types\/page"}],"author":[{"embeddable":true,"href":"https:\/\/izoterm-plama.si\/sr\/wp-json\/wp\/v2\/users\/1"}],"replies":[{"embeddable":true,"href":"https:\/\/izoterm-plama.si\/sr\/wp-json\/wp\/v2\/comments?post=2929"}],"version-history":[{"count":3,"href":"https:\/\/izoterm-plama.si\/sr\/wp-json\/wp\/v2\/pages\/2929\/revisions"}],"predecessor-version":[{"id":11252,"href":"https:\/\/izoterm-plama.si\/sr\/wp-json\/wp\/v2\/pages\/2929\/revisions\/11252"}],"wp:featuredmedia":[{"embeddable":true,"href":"https:\/\/izoterm-plama.si\/sr\/wp-json\/wp\/v2\/media\/104"}],"wp:attachment":[{"href":"https:\/\/izoterm-plama.si\/sr\/wp-json\/wp\/v2\/media?parent=2929"}],"curies":[{"name":"wp","href":"https:\/\/api.w.org\/{rel}","templated":true}]}}