{"id":1803,"date":"2017-05-15T06:42:13","date_gmt":"2017-05-15T06:42:13","guid":{"rendered":"https:\/\/izoterm-plama.si\/plamaflex\/"},"modified":"2018-04-08T18:19:22","modified_gmt":"2018-04-08T16:19:22","slug":"plamaflex","status":"publish","type":"page","link":"https:\/\/izoterm-plama.si\/sr\/toplotna-in-zvocna-izolacija\/plamaflex\/","title":{"rendered":"PlamaFLEX"},"content":{"rendered":"","protected":false},"excerpt":{"rendered":"","protected":false},"author":1,"featured_media":689,"parent":3156,"menu_order":2,"comment_status":"closed","ping_status":"closed","template":"product.php","meta":{"_acf_changed":false,"footnotes":""},"class_list":["post-1803","page","type-page","status-publish","has-post-thumbnail","hentry"],"acf":[],"yoast_head":"<!-- This site is optimized with the Yoast SEO plugin v27.3 - https:\/\/yoast.com\/product\/yoast-seo-wordpress\/ -->\n<title>PlamaFLEX - Izoterm Plama<\/title>\n<meta name=\"robots\" content=\"noindex, follow\" \/>\n<meta property=\"og:locale\" content=\"sr_RS\" \/>\n<meta property=\"og:type\" content=\"article\" \/>\n<meta property=\"og:title\" content=\"PlamaFLEX - Izoterm Plama\" \/>\n<meta property=\"og:url\" content=\"https:\/\/izoterm-plama.si\/sr\/toplotna-in-zvocna-izolacija\/plamaflex\/\" \/>\n<meta property=\"og:site_name\" content=\"Izoterm Plama\" \/>\n<meta property=\"article:modified_time\" content=\"2018-04-08T16:19:22+00:00\" \/>\n<meta property=\"og:image\" content=\"https:\/\/izoterm-plama.si\/wp-content\/uploads\/2017\/05\/plamaflex.png\" \/>\n\t<meta property=\"og:image:width\" content=\"1440\" \/>\n\t<meta property=\"og:image:height\" content=\"400\" \/>\n\t<meta property=\"og:image:type\" content=\"image\/png\" \/>\n<meta name=\"twitter:card\" content=\"summary_large_image\" \/>\n<script type=\"application\/ld+json\" class=\"yoast-schema-graph\">{\"@context\":\"https:\\\/\\\/schema.org\",\"@graph\":[{\"@type\":\"WebPage\",\"@id\":\"https:\\\/\\\/izoterm-plama.si\\\/sr\\\/toplotna-in-zvocna-izolacija\\\/plamaflex\\\/\",\"url\":\"https:\\\/\\\/izoterm-plama.si\\\/sr\\\/toplotna-in-zvocna-izolacija\\\/plamaflex\\\/\",\"name\":\"PlamaFLEX - Izoterm Plama\",\"isPartOf\":{\"@id\":\"https:\\\/\\\/izoterm-plama.si\\\/en\\\/#website\"},\"primaryImageOfPage\":{\"@id\":\"https:\\\/\\\/izoterm-plama.si\\\/sr\\\/toplotna-in-zvocna-izolacija\\\/plamaflex\\\/#primaryimage\"},\"image\":{\"@id\":\"https:\\\/\\\/izoterm-plama.si\\\/sr\\\/toplotna-in-zvocna-izolacija\\\/plamaflex\\\/#primaryimage\"},\"thumbnailUrl\":\"https:\\\/\\\/izoterm-plama.si\\\/wp-content\\\/uploads\\\/2017\\\/05\\\/plamaflex.png\",\"datePublished\":\"2017-05-15T06:42:13+00:00\",\"dateModified\":\"2018-04-08T16:19:22+00:00\",\"breadcrumb\":{\"@id\":\"https:\\\/\\\/izoterm-plama.si\\\/sr\\\/toplotna-in-zvocna-izolacija\\\/plamaflex\\\/#breadcrumb\"},\"inLanguage\":\"sr-RS\",\"potentialAction\":[{\"@type\":\"ReadAction\",\"target\":[\"https:\\\/\\\/izoterm-plama.si\\\/sr\\\/toplotna-in-zvocna-izolacija\\\/plamaflex\\\/\"]}]},{\"@type\":\"ImageObject\",\"inLanguage\":\"sr-RS\",\"@id\":\"https:\\\/\\\/izoterm-plama.si\\\/sr\\\/toplotna-in-zvocna-izolacija\\\/plamaflex\\\/#primaryimage\",\"url\":\"https:\\\/\\\/izoterm-plama.si\\\/wp-content\\\/uploads\\\/2017\\\/05\\\/plamaflex.png\",\"contentUrl\":\"https:\\\/\\\/izoterm-plama.si\\\/wp-content\\\/uploads\\\/2017\\\/05\\\/plamaflex.png\",\"width\":1440,\"height\":400,\"caption\":\"Plamaflex\"},{\"@type\":\"BreadcrumbList\",\"@id\":\"https:\\\/\\\/izoterm-plama.si\\\/sr\\\/toplotna-in-zvocna-izolacija\\\/plamaflex\\\/#breadcrumb\",\"itemListElement\":[{\"@type\":\"ListItem\",\"position\":1,\"name\":\"Home\",\"item\":\"https:\\\/\\\/izoterm-plama.si\\\/sr\\\/\"},{\"@type\":\"ListItem\",\"position\":2,\"name\":\"Izolacija\",\"item\":\"https:\\\/\\\/izoterm-plama.si\\\/sr\\\/toplotna-in-zvocna-izolacija\\\/\"},{\"@type\":\"ListItem\",\"position\":3,\"name\":\"PlamaFLEX\"}]},{\"@type\":\"WebSite\",\"@id\":\"https:\\\/\\\/izoterm-plama.si\\\/en\\\/#website\",\"url\":\"https:\\\/\\\/izoterm-plama.si\\\/en\\\/\",\"name\":\"Izoterm Plama\",\"description\":\"Specialisti na podro\u010dju izdelkov za toplotno in zvo\u010dno Stran 18 od 24 izolacijo ter embala\u017enega programa.\",\"publisher\":{\"@id\":\"https:\\\/\\\/izoterm-plama.si\\\/en\\\/#organization\"},\"potentialAction\":[{\"@type\":\"SearchAction\",\"target\":{\"@type\":\"EntryPoint\",\"urlTemplate\":\"https:\\\/\\\/izoterm-plama.si\\\/en\\\/?s={search_term_string}\"},\"query-input\":{\"@type\":\"PropertyValueSpecification\",\"valueRequired\":true,\"valueName\":\"search_term_string\"}}],\"inLanguage\":\"sr-RS\"},{\"@type\":\"Organization\",\"@id\":\"https:\\\/\\\/izoterm-plama.si\\\/en\\\/#organization\",\"name\":\"Izoterm Plama\",\"url\":\"https:\\\/\\\/izoterm-plama.si\\\/en\\\/\",\"logo\":{\"@type\":\"ImageObject\",\"inLanguage\":\"sr-RS\",\"@id\":\"https:\\\/\\\/izoterm-plama.si\\\/en\\\/#\\\/schema\\\/logo\\\/image\\\/\",\"url\":\"https:\\\/\\\/izoterm-plama.si\\\/wp-content\\\/uploads\\\/2018\\\/04\\\/izoterm-plama-embalaza-izolacija.png\",\"contentUrl\":\"https:\\\/\\\/izoterm-plama.si\\\/wp-content\\\/uploads\\\/2018\\\/04\\\/izoterm-plama-embalaza-izolacija.png\",\"width\":180,\"height\":48,\"caption\":\"Izoterm Plama\"},\"image\":{\"@id\":\"https:\\\/\\\/izoterm-plama.si\\\/en\\\/#\\\/schema\\\/logo\\\/image\\\/\"}}]}<\/script>\n<!-- \/ Yoast SEO plugin. -->","yoast_head_json":{"title":"PlamaFLEX - Izoterm Plama","robots":{"index":"noindex","follow":"follow"},"og_locale":"sr_RS","og_type":"article","og_title":"PlamaFLEX - Izoterm Plama","og_url":"https:\/\/izoterm-plama.si\/sr\/toplotna-in-zvocna-izolacija\/plamaflex\/","og_site_name":"Izoterm Plama","article_modified_time":"2018-04-08T16:19:22+00:00","og_image":[{"width":1440,"height":400,"url":"https:\/\/izoterm-plama.si\/wp-content\/uploads\/2017\/05\/plamaflex.png","type":"image\/png"}],"twitter_card":"summary_large_image","schema":{"@context":"https:\/\/schema.org","@graph":[{"@type":"WebPage","@id":"https:\/\/izoterm-plama.si\/sr\/toplotna-in-zvocna-izolacija\/plamaflex\/","url":"https:\/\/izoterm-plama.si\/sr\/toplotna-in-zvocna-izolacija\/plamaflex\/","name":"PlamaFLEX - Izoterm Plama","isPartOf":{"@id":"https:\/\/izoterm-plama.si\/en\/#website"},"primaryImageOfPage":{"@id":"https:\/\/izoterm-plama.si\/sr\/toplotna-in-zvocna-izolacija\/plamaflex\/#primaryimage"},"image":{"@id":"https:\/\/izoterm-plama.si\/sr\/toplotna-in-zvocna-izolacija\/plamaflex\/#primaryimage"},"thumbnailUrl":"https:\/\/izoterm-plama.si\/wp-content\/uploads\/2017\/05\/plamaflex.png","datePublished":"2017-05-15T06:42:13+00:00","dateModified":"2018-04-08T16:19:22+00:00","breadcrumb":{"@id":"https:\/\/izoterm-plama.si\/sr\/toplotna-in-zvocna-izolacija\/plamaflex\/#breadcrumb"},"inLanguage":"sr-RS","potentialAction":[{"@type":"ReadAction","target":["https:\/\/izoterm-plama.si\/sr\/toplotna-in-zvocna-izolacija\/plamaflex\/"]}]},{"@type":"ImageObject","inLanguage":"sr-RS","@id":"https:\/\/izoterm-plama.si\/sr\/toplotna-in-zvocna-izolacija\/plamaflex\/#primaryimage","url":"https:\/\/izoterm-plama.si\/wp-content\/uploads\/2017\/05\/plamaflex.png","contentUrl":"https:\/\/izoterm-plama.si\/wp-content\/uploads\/2017\/05\/plamaflex.png","width":1440,"height":400,"caption":"Plamaflex"},{"@type":"BreadcrumbList","@id":"https:\/\/izoterm-plama.si\/sr\/toplotna-in-zvocna-izolacija\/plamaflex\/#breadcrumb","itemListElement":[{"@type":"ListItem","position":1,"name":"Home","item":"https:\/\/izoterm-plama.si\/sr\/"},{"@type":"ListItem","position":2,"name":"Izolacija","item":"https:\/\/izoterm-plama.si\/sr\/toplotna-in-zvocna-izolacija\/"},{"@type":"ListItem","position":3,"name":"PlamaFLEX"}]},{"@type":"WebSite","@id":"https:\/\/izoterm-plama.si\/en\/#website","url":"https:\/\/izoterm-plama.si\/en\/","name":"Izoterm Plama","description":"Specialisti na podro\u010dju izdelkov za toplotno in zvo\u010dno Stran 18 od 24 izolacijo ter embala\u017enega programa.","publisher":{"@id":"https:\/\/izoterm-plama.si\/en\/#organization"},"potentialAction":[{"@type":"SearchAction","target":{"@type":"EntryPoint","urlTemplate":"https:\/\/izoterm-plama.si\/en\/?s={search_term_string}"},"query-input":{"@type":"PropertyValueSpecification","valueRequired":true,"valueName":"search_term_string"}}],"inLanguage":"sr-RS"},{"@type":"Organization","@id":"https:\/\/izoterm-plama.si\/en\/#organization","name":"Izoterm Plama","url":"https:\/\/izoterm-plama.si\/en\/","logo":{"@type":"ImageObject","inLanguage":"sr-RS","@id":"https:\/\/izoterm-plama.si\/en\/#\/schema\/logo\/image\/","url":"https:\/\/izoterm-plama.si\/wp-content\/uploads\/2018\/04\/izoterm-plama-embalaza-izolacija.png","contentUrl":"https:\/\/izoterm-plama.si\/wp-content\/uploads\/2018\/04\/izoterm-plama-embalaza-izolacija.png","width":180,"height":48,"caption":"Izoterm Plama"},"image":{"@id":"https:\/\/izoterm-plama.si\/en\/#\/schema\/logo\/image\/"}}]}},"_links":{"self":[{"href":"https:\/\/izoterm-plama.si\/sr\/wp-json\/wp\/v2\/pages\/1803","targetHints":{"allow":["GET"]}}],"collection":[{"href":"https:\/\/izoterm-plama.si\/sr\/wp-json\/wp\/v2\/pages"}],"about":[{"href":"https:\/\/izoterm-plama.si\/sr\/wp-json\/wp\/v2\/types\/page"}],"author":[{"embeddable":true,"href":"https:\/\/izoterm-plama.si\/sr\/wp-json\/wp\/v2\/users\/1"}],"replies":[{"embeddable":true,"href":"https:\/\/izoterm-plama.si\/sr\/wp-json\/wp\/v2\/comments?post=1803"}],"version-history":[{"count":1,"href":"https:\/\/izoterm-plama.si\/sr\/wp-json\/wp\/v2\/pages\/1803\/revisions"}],"predecessor-version":[{"id":3175,"href":"https:\/\/izoterm-plama.si\/sr\/wp-json\/wp\/v2\/pages\/1803\/revisions\/3175"}],"up":[{"embeddable":true,"href":"https:\/\/izoterm-plama.si\/sr\/wp-json\/wp\/v2\/pages\/3156"}],"wp:featuredmedia":[{"embeddable":true,"href":"https:\/\/izoterm-plama.si\/sr\/wp-json\/wp\/v2\/media\/689"}],"wp:attachment":[{"href":"https:\/\/izoterm-plama.si\/sr\/wp-json\/wp\/v2\/media?parent=1803"}],"curies":[{"name":"wp","href":"https:\/\/api.w.org\/{rel}","templated":true}]}}