{"id":1798,"date":"2017-05-15T06:42:48","date_gmt":"2017-05-15T06:42:48","guid":{"rendered":"https:\/\/izoterm-plama.si\/plamaframe\/"},"modified":"2025-02-27T11:36:46","modified_gmt":"2025-02-27T10:36:46","slug":"plamaframe","status":"publish","type":"page","link":"https:\/\/izoterm-plama.si\/sr\/toplotna-in-zvocna-izolacija\/plamaframe\/","title":{"rendered":"PlamaFRAME XPE"},"content":{"rendered":"","protected":false},"excerpt":{"rendered":"","protected":false},"author":1,"featured_media":3317,"parent":3156,"menu_order":4,"comment_status":"closed","ping_status":"closed","template":"product.php","meta":{"_acf_changed":false,"footnotes":""},"class_list":["post-1798","page","type-page","status-publish","has-post-thumbnail","hentry"],"acf":[],"yoast_head":"<!-- This site is optimized with the Yoast SEO plugin v27.3 - https:\/\/yoast.com\/product\/yoast-seo-wordpress\/ -->\n<title>PlamaFRAME XPE - Izoterm Plama<\/title>\n<meta name=\"robots\" content=\"noindex, follow\" \/>\n<meta property=\"og:locale\" content=\"sr_RS\" \/>\n<meta property=\"og:type\" content=\"article\" \/>\n<meta property=\"og:title\" content=\"PlamaFRAME XPE - Izoterm Plama\" \/>\n<meta property=\"og:url\" content=\"https:\/\/izoterm-plama.si\/sr\/toplotna-in-zvocna-izolacija\/plamaframe\/\" \/>\n<meta property=\"og:site_name\" content=\"Izoterm Plama\" \/>\n<meta property=\"article:modified_time\" content=\"2025-02-27T10:36:46+00:00\" \/>\n<meta property=\"og:image\" content=\"https:\/\/izoterm-plama.si\/wp-content\/uploads\/2017\/05\/plamaframe-3-2.png\" \/>\n\t<meta property=\"og:image:width\" content=\"800\" \/>\n\t<meta property=\"og:image:height\" content=\"533\" \/>\n\t<meta property=\"og:image:type\" content=\"image\/png\" \/>\n<meta name=\"twitter:card\" content=\"summary_large_image\" \/>\n<script type=\"application\/ld+json\" class=\"yoast-schema-graph\">{\"@context\":\"https:\\\/\\\/schema.org\",\"@graph\":[{\"@type\":\"WebPage\",\"@id\":\"https:\\\/\\\/izoterm-plama.si\\\/sr\\\/toplotna-in-zvocna-izolacija\\\/plamaframe\\\/\",\"url\":\"https:\\\/\\\/izoterm-plama.si\\\/sr\\\/toplotna-in-zvocna-izolacija\\\/plamaframe\\\/\",\"name\":\"PlamaFRAME XPE - Izoterm Plama\",\"isPartOf\":{\"@id\":\"https:\\\/\\\/izoterm-plama.si\\\/en\\\/#website\"},\"primaryImageOfPage\":{\"@id\":\"https:\\\/\\\/izoterm-plama.si\\\/sr\\\/toplotna-in-zvocna-izolacija\\\/plamaframe\\\/#primaryimage\"},\"image\":{\"@id\":\"https:\\\/\\\/izoterm-plama.si\\\/sr\\\/toplotna-in-zvocna-izolacija\\\/plamaframe\\\/#primaryimage\"},\"thumbnailUrl\":\"https:\\\/\\\/izoterm-plama.si\\\/wp-content\\\/uploads\\\/2017\\\/05\\\/plamaframe-3-2.png\",\"datePublished\":\"2017-05-15T06:42:48+00:00\",\"dateModified\":\"2025-02-27T10:36:46+00:00\",\"breadcrumb\":{\"@id\":\"https:\\\/\\\/izoterm-plama.si\\\/sr\\\/toplotna-in-zvocna-izolacija\\\/plamaframe\\\/#breadcrumb\"},\"inLanguage\":\"sr-RS\",\"potentialAction\":[{\"@type\":\"ReadAction\",\"target\":[\"https:\\\/\\\/izoterm-plama.si\\\/sr\\\/toplotna-in-zvocna-izolacija\\\/plamaframe\\\/\"]}]},{\"@type\":\"ImageObject\",\"inLanguage\":\"sr-RS\",\"@id\":\"https:\\\/\\\/izoterm-plama.si\\\/sr\\\/toplotna-in-zvocna-izolacija\\\/plamaframe\\\/#primaryimage\",\"url\":\"https:\\\/\\\/izoterm-plama.si\\\/wp-content\\\/uploads\\\/2017\\\/05\\\/plamaframe-3-2.png\",\"contentUrl\":\"https:\\\/\\\/izoterm-plama.si\\\/wp-content\\\/uploads\\\/2017\\\/05\\\/plamaframe-3-2.png\",\"width\":800,\"height\":533},{\"@type\":\"BreadcrumbList\",\"@id\":\"https:\\\/\\\/izoterm-plama.si\\\/sr\\\/toplotna-in-zvocna-izolacija\\\/plamaframe\\\/#breadcrumb\",\"itemListElement\":[{\"@type\":\"ListItem\",\"position\":1,\"name\":\"Home\",\"item\":\"https:\\\/\\\/izoterm-plama.si\\\/sr\\\/\"},{\"@type\":\"ListItem\",\"position\":2,\"name\":\"Izolacija\",\"item\":\"https:\\\/\\\/izoterm-plama.si\\\/sr\\\/toplotna-in-zvocna-izolacija\\\/\"},{\"@type\":\"ListItem\",\"position\":3,\"name\":\"PlamaFRAME XPE\"}]},{\"@type\":\"WebSite\",\"@id\":\"https:\\\/\\\/izoterm-plama.si\\\/en\\\/#website\",\"url\":\"https:\\\/\\\/izoterm-plama.si\\\/en\\\/\",\"name\":\"Izoterm Plama\",\"description\":\"Specialisti na podro\u010dju izdelkov za toplotno in zvo\u010dno Stran 18 od 24 izolacijo ter embala\u017enega programa.\",\"publisher\":{\"@id\":\"https:\\\/\\\/izoterm-plama.si\\\/en\\\/#organization\"},\"potentialAction\":[{\"@type\":\"SearchAction\",\"target\":{\"@type\":\"EntryPoint\",\"urlTemplate\":\"https:\\\/\\\/izoterm-plama.si\\\/en\\\/?s={search_term_string}\"},\"query-input\":{\"@type\":\"PropertyValueSpecification\",\"valueRequired\":true,\"valueName\":\"search_term_string\"}}],\"inLanguage\":\"sr-RS\"},{\"@type\":\"Organization\",\"@id\":\"https:\\\/\\\/izoterm-plama.si\\\/en\\\/#organization\",\"name\":\"Izoterm Plama\",\"url\":\"https:\\\/\\\/izoterm-plama.si\\\/en\\\/\",\"logo\":{\"@type\":\"ImageObject\",\"inLanguage\":\"sr-RS\",\"@id\":\"https:\\\/\\\/izoterm-plama.si\\\/en\\\/#\\\/schema\\\/logo\\\/image\\\/\",\"url\":\"https:\\\/\\\/izoterm-plama.si\\\/wp-content\\\/uploads\\\/2018\\\/04\\\/izoterm-plama-embalaza-izolacija.png\",\"contentUrl\":\"https:\\\/\\\/izoterm-plama.si\\\/wp-content\\\/uploads\\\/2018\\\/04\\\/izoterm-plama-embalaza-izolacija.png\",\"width\":180,\"height\":48,\"caption\":\"Izoterm Plama\"},\"image\":{\"@id\":\"https:\\\/\\\/izoterm-plama.si\\\/en\\\/#\\\/schema\\\/logo\\\/image\\\/\"}}]}<\/script>\n<!-- \/ Yoast SEO plugin. -->","yoast_head_json":{"title":"PlamaFRAME XPE - Izoterm Plama","robots":{"index":"noindex","follow":"follow"},"og_locale":"sr_RS","og_type":"article","og_title":"PlamaFRAME XPE - Izoterm Plama","og_url":"https:\/\/izoterm-plama.si\/sr\/toplotna-in-zvocna-izolacija\/plamaframe\/","og_site_name":"Izoterm Plama","article_modified_time":"2025-02-27T10:36:46+00:00","og_image":[{"width":800,"height":533,"url":"https:\/\/izoterm-plama.si\/wp-content\/uploads\/2017\/05\/plamaframe-3-2.png","type":"image\/png"}],"twitter_card":"summary_large_image","schema":{"@context":"https:\/\/schema.org","@graph":[{"@type":"WebPage","@id":"https:\/\/izoterm-plama.si\/sr\/toplotna-in-zvocna-izolacija\/plamaframe\/","url":"https:\/\/izoterm-plama.si\/sr\/toplotna-in-zvocna-izolacija\/plamaframe\/","name":"PlamaFRAME XPE - Izoterm Plama","isPartOf":{"@id":"https:\/\/izoterm-plama.si\/en\/#website"},"primaryImageOfPage":{"@id":"https:\/\/izoterm-plama.si\/sr\/toplotna-in-zvocna-izolacija\/plamaframe\/#primaryimage"},"image":{"@id":"https:\/\/izoterm-plama.si\/sr\/toplotna-in-zvocna-izolacija\/plamaframe\/#primaryimage"},"thumbnailUrl":"https:\/\/izoterm-plama.si\/wp-content\/uploads\/2017\/05\/plamaframe-3-2.png","datePublished":"2017-05-15T06:42:48+00:00","dateModified":"2025-02-27T10:36:46+00:00","breadcrumb":{"@id":"https:\/\/izoterm-plama.si\/sr\/toplotna-in-zvocna-izolacija\/plamaframe\/#breadcrumb"},"inLanguage":"sr-RS","potentialAction":[{"@type":"ReadAction","target":["https:\/\/izoterm-plama.si\/sr\/toplotna-in-zvocna-izolacija\/plamaframe\/"]}]},{"@type":"ImageObject","inLanguage":"sr-RS","@id":"https:\/\/izoterm-plama.si\/sr\/toplotna-in-zvocna-izolacija\/plamaframe\/#primaryimage","url":"https:\/\/izoterm-plama.si\/wp-content\/uploads\/2017\/05\/plamaframe-3-2.png","contentUrl":"https:\/\/izoterm-plama.si\/wp-content\/uploads\/2017\/05\/plamaframe-3-2.png","width":800,"height":533},{"@type":"BreadcrumbList","@id":"https:\/\/izoterm-plama.si\/sr\/toplotna-in-zvocna-izolacija\/plamaframe\/#breadcrumb","itemListElement":[{"@type":"ListItem","position":1,"name":"Home","item":"https:\/\/izoterm-plama.si\/sr\/"},{"@type":"ListItem","position":2,"name":"Izolacija","item":"https:\/\/izoterm-plama.si\/sr\/toplotna-in-zvocna-izolacija\/"},{"@type":"ListItem","position":3,"name":"PlamaFRAME XPE"}]},{"@type":"WebSite","@id":"https:\/\/izoterm-plama.si\/en\/#website","url":"https:\/\/izoterm-plama.si\/en\/","name":"Izoterm Plama","description":"Specialisti na podro\u010dju izdelkov za toplotno in zvo\u010dno Stran 18 od 24 izolacijo ter embala\u017enega programa.","publisher":{"@id":"https:\/\/izoterm-plama.si\/en\/#organization"},"potentialAction":[{"@type":"SearchAction","target":{"@type":"EntryPoint","urlTemplate":"https:\/\/izoterm-plama.si\/en\/?s={search_term_string}"},"query-input":{"@type":"PropertyValueSpecification","valueRequired":true,"valueName":"search_term_string"}}],"inLanguage":"sr-RS"},{"@type":"Organization","@id":"https:\/\/izoterm-plama.si\/en\/#organization","name":"Izoterm Plama","url":"https:\/\/izoterm-plama.si\/en\/","logo":{"@type":"ImageObject","inLanguage":"sr-RS","@id":"https:\/\/izoterm-plama.si\/en\/#\/schema\/logo\/image\/","url":"https:\/\/izoterm-plama.si\/wp-content\/uploads\/2018\/04\/izoterm-plama-embalaza-izolacija.png","contentUrl":"https:\/\/izoterm-plama.si\/wp-content\/uploads\/2018\/04\/izoterm-plama-embalaza-izolacija.png","width":180,"height":48,"caption":"Izoterm Plama"},"image":{"@id":"https:\/\/izoterm-plama.si\/en\/#\/schema\/logo\/image\/"}}]}},"_links":{"self":[{"href":"https:\/\/izoterm-plama.si\/sr\/wp-json\/wp\/v2\/pages\/1798","targetHints":{"allow":["GET"]}}],"collection":[{"href":"https:\/\/izoterm-plama.si\/sr\/wp-json\/wp\/v2\/pages"}],"about":[{"href":"https:\/\/izoterm-plama.si\/sr\/wp-json\/wp\/v2\/types\/page"}],"author":[{"embeddable":true,"href":"https:\/\/izoterm-plama.si\/sr\/wp-json\/wp\/v2\/users\/1"}],"replies":[{"embeddable":true,"href":"https:\/\/izoterm-plama.si\/sr\/wp-json\/wp\/v2\/comments?post=1798"}],"version-history":[{"count":3,"href":"https:\/\/izoterm-plama.si\/sr\/wp-json\/wp\/v2\/pages\/1798\/revisions"}],"predecessor-version":[{"id":45935,"href":"https:\/\/izoterm-plama.si\/sr\/wp-json\/wp\/v2\/pages\/1798\/revisions\/45935"}],"up":[{"embeddable":true,"href":"https:\/\/izoterm-plama.si\/sr\/wp-json\/wp\/v2\/pages\/3156"}],"wp:featuredmedia":[{"embeddable":true,"href":"https:\/\/izoterm-plama.si\/sr\/wp-json\/wp\/v2\/media\/3317"}],"wp:attachment":[{"href":"https:\/\/izoterm-plama.si\/sr\/wp-json\/wp\/v2\/media?parent=1798"}],"curies":[{"name":"wp","href":"https:\/\/api.w.org\/{rel}","templated":true}]}}