{"id":3135,"date":"2017-05-14T21:26:05","date_gmt":"2017-05-14T21:26:05","guid":{"rendered":"https:\/\/izoterm-plama.si\/kontakt\/"},"modified":"2018-04-08T21:26:06","modified_gmt":"2018-04-08T19:26:06","slug":"kontakt","status":"publish","type":"page","link":"https:\/\/izoterm-plama.si\/en\/kontakt\/","title":{"rendered":"Send inquiry"},"content":{"rendered":"","protected":false},"excerpt":{"rendered":"","protected":false},"author":1,"featured_media":686,"parent":0,"menu_order":0,"comment_status":"closed","ping_status":"closed","template":"contact.php","meta":{"_acf_changed":false,"footnotes":""},"class_list":["post-3135","page","type-page","status-publish","has-post-thumbnail","hentry"],"acf":[],"yoast_head":"<!-- This site is optimized with the Yoast SEO plugin v27.3 - https:\/\/yoast.com\/product\/yoast-seo-wordpress\/ -->\n<title>Send inquiry - Izoterm Plama<\/title>\n<meta name=\"robots\" content=\"noindex, follow\" \/>\n<meta property=\"og:locale\" content=\"en_US\" \/>\n<meta property=\"og:type\" content=\"article\" \/>\n<meta property=\"og:title\" content=\"Send inquiry - Izoterm Plama\" \/>\n<meta property=\"og:url\" content=\"https:\/\/izoterm-plama.si\/en\/kontakt\/\" \/>\n<meta property=\"og:site_name\" content=\"Izoterm Plama\" \/>\n<meta property=\"article:modified_time\" content=\"2018-04-08T19:26:06+00:00\" \/>\n<meta property=\"og:image\" content=\"https:\/\/izoterm-plama.si\/wp-content\/uploads\/2017\/05\/posljite-povprasevanje.png\" \/>\n\t<meta property=\"og:image:width\" content=\"1440\" \/>\n\t<meta property=\"og:image:height\" content=\"400\" \/>\n\t<meta property=\"og:image:type\" content=\"image\/png\" \/>\n<meta name=\"twitter:card\" content=\"summary_large_image\" \/>\n<script type=\"application\/ld+json\" class=\"yoast-schema-graph\">{\"@context\":\"https:\\\/\\\/schema.org\",\"@graph\":[{\"@type\":\"WebPage\",\"@id\":\"https:\\\/\\\/izoterm-plama.si\\\/en\\\/kontakt\\\/\",\"url\":\"https:\\\/\\\/izoterm-plama.si\\\/en\\\/kontakt\\\/\",\"name\":\"Send inquiry - Izoterm Plama\",\"isPartOf\":{\"@id\":\"https:\\\/\\\/izoterm-plama.si\\\/en\\\/#website\"},\"primaryImageOfPage\":{\"@id\":\"https:\\\/\\\/izoterm-plama.si\\\/en\\\/kontakt\\\/#primaryimage\"},\"image\":{\"@id\":\"https:\\\/\\\/izoterm-plama.si\\\/en\\\/kontakt\\\/#primaryimage\"},\"thumbnailUrl\":\"https:\\\/\\\/izoterm-plama.si\\\/wp-content\\\/uploads\\\/2017\\\/05\\\/posljite-povprasevanje.png\",\"datePublished\":\"2017-05-14T21:26:05+00:00\",\"dateModified\":\"2018-04-08T19:26:06+00:00\",\"breadcrumb\":{\"@id\":\"https:\\\/\\\/izoterm-plama.si\\\/en\\\/kontakt\\\/#breadcrumb\"},\"inLanguage\":\"en-US\",\"potentialAction\":[{\"@type\":\"ReadAction\",\"target\":[\"https:\\\/\\\/izoterm-plama.si\\\/en\\\/kontakt\\\/\"]}]},{\"@type\":\"ImageObject\",\"inLanguage\":\"en-US\",\"@id\":\"https:\\\/\\\/izoterm-plama.si\\\/en\\\/kontakt\\\/#primaryimage\",\"url\":\"https:\\\/\\\/izoterm-plama.si\\\/wp-content\\\/uploads\\\/2017\\\/05\\\/posljite-povprasevanje.png\",\"contentUrl\":\"https:\\\/\\\/izoterm-plama.si\\\/wp-content\\\/uploads\\\/2017\\\/05\\\/posljite-povprasevanje.png\",\"width\":1440,\"height\":400,\"caption\":\"Po\u0161ljite povpra\u0161evanje\"},{\"@type\":\"BreadcrumbList\",\"@id\":\"https:\\\/\\\/izoterm-plama.si\\\/en\\\/kontakt\\\/#breadcrumb\",\"itemListElement\":[{\"@type\":\"ListItem\",\"position\":1,\"name\":\"Home\",\"item\":\"https:\\\/\\\/izoterm-plama.si\\\/en\\\/\"},{\"@type\":\"ListItem\",\"position\":2,\"name\":\"Send inquiry\"}]},{\"@type\":\"WebSite\",\"@id\":\"https:\\\/\\\/izoterm-plama.si\\\/en\\\/#website\",\"url\":\"https:\\\/\\\/izoterm-plama.si\\\/en\\\/\",\"name\":\"Izoterm Plama\",\"description\":\"Specialisti na podro\u010dju izdelkov za toplotno in zvo\u010dno Stran 18 od 24 izolacijo ter embala\u017enega programa.\",\"publisher\":{\"@id\":\"https:\\\/\\\/izoterm-plama.si\\\/en\\\/#organization\"},\"potentialAction\":[{\"@type\":\"SearchAction\",\"target\":{\"@type\":\"EntryPoint\",\"urlTemplate\":\"https:\\\/\\\/izoterm-plama.si\\\/en\\\/?s={search_term_string}\"},\"query-input\":{\"@type\":\"PropertyValueSpecification\",\"valueRequired\":true,\"valueName\":\"search_term_string\"}}],\"inLanguage\":\"en-US\"},{\"@type\":\"Organization\",\"@id\":\"https:\\\/\\\/izoterm-plama.si\\\/en\\\/#organization\",\"name\":\"Izoterm Plama\",\"url\":\"https:\\\/\\\/izoterm-plama.si\\\/en\\\/\",\"logo\":{\"@type\":\"ImageObject\",\"inLanguage\":\"en-US\",\"@id\":\"https:\\\/\\\/izoterm-plama.si\\\/en\\\/#\\\/schema\\\/logo\\\/image\\\/\",\"url\":\"https:\\\/\\\/izoterm-plama.si\\\/wp-content\\\/uploads\\\/2018\\\/04\\\/izoterm-plama-embalaza-izolacija.png\",\"contentUrl\":\"https:\\\/\\\/izoterm-plama.si\\\/wp-content\\\/uploads\\\/2018\\\/04\\\/izoterm-plama-embalaza-izolacija.png\",\"width\":180,\"height\":48,\"caption\":\"Izoterm Plama\"},\"image\":{\"@id\":\"https:\\\/\\\/izoterm-plama.si\\\/en\\\/#\\\/schema\\\/logo\\\/image\\\/\"}}]}<\/script>\n<!-- \/ Yoast SEO plugin. -->","yoast_head_json":{"title":"Send inquiry - Izoterm Plama","robots":{"index":"noindex","follow":"follow"},"og_locale":"en_US","og_type":"article","og_title":"Send inquiry - Izoterm Plama","og_url":"https:\/\/izoterm-plama.si\/en\/kontakt\/","og_site_name":"Izoterm Plama","article_modified_time":"2018-04-08T19:26:06+00:00","og_image":[{"width":1440,"height":400,"url":"https:\/\/izoterm-plama.si\/wp-content\/uploads\/2017\/05\/posljite-povprasevanje.png","type":"image\/png"}],"twitter_card":"summary_large_image","schema":{"@context":"https:\/\/schema.org","@graph":[{"@type":"WebPage","@id":"https:\/\/izoterm-plama.si\/en\/kontakt\/","url":"https:\/\/izoterm-plama.si\/en\/kontakt\/","name":"Send inquiry - Izoterm Plama","isPartOf":{"@id":"https:\/\/izoterm-plama.si\/en\/#website"},"primaryImageOfPage":{"@id":"https:\/\/izoterm-plama.si\/en\/kontakt\/#primaryimage"},"image":{"@id":"https:\/\/izoterm-plama.si\/en\/kontakt\/#primaryimage"},"thumbnailUrl":"https:\/\/izoterm-plama.si\/wp-content\/uploads\/2017\/05\/posljite-povprasevanje.png","datePublished":"2017-05-14T21:26:05+00:00","dateModified":"2018-04-08T19:26:06+00:00","breadcrumb":{"@id":"https:\/\/izoterm-plama.si\/en\/kontakt\/#breadcrumb"},"inLanguage":"en-US","potentialAction":[{"@type":"ReadAction","target":["https:\/\/izoterm-plama.si\/en\/kontakt\/"]}]},{"@type":"ImageObject","inLanguage":"en-US","@id":"https:\/\/izoterm-plama.si\/en\/kontakt\/#primaryimage","url":"https:\/\/izoterm-plama.si\/wp-content\/uploads\/2017\/05\/posljite-povprasevanje.png","contentUrl":"https:\/\/izoterm-plama.si\/wp-content\/uploads\/2017\/05\/posljite-povprasevanje.png","width":1440,"height":400,"caption":"Po\u0161ljite povpra\u0161evanje"},{"@type":"BreadcrumbList","@id":"https:\/\/izoterm-plama.si\/en\/kontakt\/#breadcrumb","itemListElement":[{"@type":"ListItem","position":1,"name":"Home","item":"https:\/\/izoterm-plama.si\/en\/"},{"@type":"ListItem","position":2,"name":"Send inquiry"}]},{"@type":"WebSite","@id":"https:\/\/izoterm-plama.si\/en\/#website","url":"https:\/\/izoterm-plama.si\/en\/","name":"Izoterm Plama","description":"Specialisti na podro\u010dju izdelkov za toplotno in zvo\u010dno Stran 18 od 24 izolacijo ter embala\u017enega programa.","publisher":{"@id":"https:\/\/izoterm-plama.si\/en\/#organization"},"potentialAction":[{"@type":"SearchAction","target":{"@type":"EntryPoint","urlTemplate":"https:\/\/izoterm-plama.si\/en\/?s={search_term_string}"},"query-input":{"@type":"PropertyValueSpecification","valueRequired":true,"valueName":"search_term_string"}}],"inLanguage":"en-US"},{"@type":"Organization","@id":"https:\/\/izoterm-plama.si\/en\/#organization","name":"Izoterm Plama","url":"https:\/\/izoterm-plama.si\/en\/","logo":{"@type":"ImageObject","inLanguage":"en-US","@id":"https:\/\/izoterm-plama.si\/en\/#\/schema\/logo\/image\/","url":"https:\/\/izoterm-plama.si\/wp-content\/uploads\/2018\/04\/izoterm-plama-embalaza-izolacija.png","contentUrl":"https:\/\/izoterm-plama.si\/wp-content\/uploads\/2018\/04\/izoterm-plama-embalaza-izolacija.png","width":180,"height":48,"caption":"Izoterm Plama"},"image":{"@id":"https:\/\/izoterm-plama.si\/en\/#\/schema\/logo\/image\/"}}]}},"_links":{"self":[{"href":"https:\/\/izoterm-plama.si\/en\/wp-json\/wp\/v2\/pages\/3135","targetHints":{"allow":["GET"]}}],"collection":[{"href":"https:\/\/izoterm-plama.si\/en\/wp-json\/wp\/v2\/pages"}],"about":[{"href":"https:\/\/izoterm-plama.si\/en\/wp-json\/wp\/v2\/types\/page"}],"author":[{"embeddable":true,"href":"https:\/\/izoterm-plama.si\/en\/wp-json\/wp\/v2\/users\/1"}],"replies":[{"embeddable":true,"href":"https:\/\/izoterm-plama.si\/en\/wp-json\/wp\/v2\/comments?post=3135"}],"version-history":[{"count":3,"href":"https:\/\/izoterm-plama.si\/en\/wp-json\/wp\/v2\/pages\/3135\/revisions"}],"predecessor-version":[{"id":3256,"href":"https:\/\/izoterm-plama.si\/en\/wp-json\/wp\/v2\/pages\/3135\/revisions\/3256"}],"wp:featuredmedia":[{"embeddable":true,"href":"https:\/\/izoterm-plama.si\/en\/wp-json\/wp\/v2\/media\/686"}],"wp:attachment":[{"href":"https:\/\/izoterm-plama.si\/en\/wp-json\/wp\/v2\/media?parent=3135"}],"curies":[{"name":"wp","href":"https:\/\/api.w.org\/{rel}","templated":true}]}}