{"id":3127,"date":"2017-05-25T00:25:26","date_gmt":"2017-05-24T22:25:26","guid":{"rendered":"https:\/\/izoterm-plama.si\/embalaza\/tehnicna-embalaza\/"},"modified":"2020-10-04T22:04:16","modified_gmt":"2020-10-04T20:04:16","slug":"tehnicna-embalaza","status":"publish","type":"page","link":"https:\/\/izoterm-plama.si\/en\/embalaza\/tehnicna-embalaza\/","title":{"rendered":"Tehnical Packaging"},"content":{"rendered":"","protected":false},"excerpt":{"rendered":"","protected":false},"author":1,"featured_media":681,"parent":3119,"menu_order":0,"comment_status":"closed","ping_status":"closed","template":"packaging-type.php","meta":{"_acf_changed":false,"footnotes":""},"class_list":["post-3127","page","type-page","status-publish","has-post-thumbnail","hentry"],"acf":[],"yoast_head":"<!-- This site is optimized with the Yoast SEO plugin v27.3 - https:\/\/yoast.com\/product\/yoast-seo-wordpress\/ -->\n<title>Tehnical Packaging - Izoterm Plama<\/title>\n<meta name=\"robots\" content=\"noindex, follow\" \/>\n<meta property=\"og:locale\" content=\"en_US\" \/>\n<meta property=\"og:type\" content=\"article\" \/>\n<meta property=\"og:title\" content=\"Tehnical Packaging - Izoterm Plama\" \/>\n<meta property=\"og:url\" content=\"https:\/\/izoterm-plama.si\/en\/embalaza\/tehnicna-embalaza\/\" \/>\n<meta property=\"og:site_name\" content=\"Izoterm Plama\" \/>\n<meta property=\"article:modified_time\" content=\"2020-10-04T20:04:16+00:00\" \/>\n<meta property=\"og:image\" content=\"https:\/\/izoterm-plama.si\/wp-content\/uploads\/2017\/05\/tehnicna_embalaza.png\" \/>\n\t<meta property=\"og:image:width\" content=\"1440\" \/>\n\t<meta property=\"og:image:height\" content=\"400\" \/>\n\t<meta property=\"og:image:type\" content=\"image\/png\" \/>\n<meta name=\"twitter:card\" content=\"summary_large_image\" \/>\n<script type=\"application\/ld+json\" class=\"yoast-schema-graph\">{\"@context\":\"https:\\\/\\\/schema.org\",\"@graph\":[{\"@type\":\"WebPage\",\"@id\":\"https:\\\/\\\/izoterm-plama.si\\\/en\\\/embalaza\\\/tehnicna-embalaza\\\/\",\"url\":\"https:\\\/\\\/izoterm-plama.si\\\/en\\\/embalaza\\\/tehnicna-embalaza\\\/\",\"name\":\"Tehnical Packaging - Izoterm Plama\",\"isPartOf\":{\"@id\":\"https:\\\/\\\/izoterm-plama.si\\\/en\\\/#website\"},\"primaryImageOfPage\":{\"@id\":\"https:\\\/\\\/izoterm-plama.si\\\/en\\\/embalaza\\\/tehnicna-embalaza\\\/#primaryimage\"},\"image\":{\"@id\":\"https:\\\/\\\/izoterm-plama.si\\\/en\\\/embalaza\\\/tehnicna-embalaza\\\/#primaryimage\"},\"thumbnailUrl\":\"https:\\\/\\\/izoterm-plama.si\\\/wp-content\\\/uploads\\\/2017\\\/05\\\/tehnicna_embalaza.png\",\"datePublished\":\"2017-05-24T22:25:26+00:00\",\"dateModified\":\"2020-10-04T20:04:16+00:00\",\"breadcrumb\":{\"@id\":\"https:\\\/\\\/izoterm-plama.si\\\/en\\\/embalaza\\\/tehnicna-embalaza\\\/#breadcrumb\"},\"inLanguage\":\"en-US\",\"potentialAction\":[{\"@type\":\"ReadAction\",\"target\":[\"https:\\\/\\\/izoterm-plama.si\\\/en\\\/embalaza\\\/tehnicna-embalaza\\\/\"]}]},{\"@type\":\"ImageObject\",\"inLanguage\":\"en-US\",\"@id\":\"https:\\\/\\\/izoterm-plama.si\\\/en\\\/embalaza\\\/tehnicna-embalaza\\\/#primaryimage\",\"url\":\"https:\\\/\\\/izoterm-plama.si\\\/wp-content\\\/uploads\\\/2017\\\/05\\\/tehnicna_embalaza.png\",\"contentUrl\":\"https:\\\/\\\/izoterm-plama.si\\\/wp-content\\\/uploads\\\/2017\\\/05\\\/tehnicna_embalaza.png\",\"width\":1440,\"height\":400,\"caption\":\"Tehni\u010dna embala\u017ea\"},{\"@type\":\"BreadcrumbList\",\"@id\":\"https:\\\/\\\/izoterm-plama.si\\\/en\\\/embalaza\\\/tehnicna-embalaza\\\/#breadcrumb\",\"itemListElement\":[{\"@type\":\"ListItem\",\"position\":1,\"name\":\"Home\",\"item\":\"https:\\\/\\\/izoterm-plama.si\\\/en\\\/\"},{\"@type\":\"ListItem\",\"position\":2,\"name\":\"Packaging\",\"item\":\"https:\\\/\\\/izoterm-plama.si\\\/en\\\/embalaza\\\/\"},{\"@type\":\"ListItem\",\"position\":3,\"name\":\"Tehnical Packaging\"}]},{\"@type\":\"WebSite\",\"@id\":\"https:\\\/\\\/izoterm-plama.si\\\/en\\\/#website\",\"url\":\"https:\\\/\\\/izoterm-plama.si\\\/en\\\/\",\"name\":\"Izoterm Plama\",\"description\":\"Specialisti na podro\u010dju izdelkov za toplotno in zvo\u010dno Stran 18 od 24 izolacijo ter embala\u017enega programa.\",\"publisher\":{\"@id\":\"https:\\\/\\\/izoterm-plama.si\\\/en\\\/#organization\"},\"potentialAction\":[{\"@type\":\"SearchAction\",\"target\":{\"@type\":\"EntryPoint\",\"urlTemplate\":\"https:\\\/\\\/izoterm-plama.si\\\/en\\\/?s={search_term_string}\"},\"query-input\":{\"@type\":\"PropertyValueSpecification\",\"valueRequired\":true,\"valueName\":\"search_term_string\"}}],\"inLanguage\":\"en-US\"},{\"@type\":\"Organization\",\"@id\":\"https:\\\/\\\/izoterm-plama.si\\\/en\\\/#organization\",\"name\":\"Izoterm Plama\",\"url\":\"https:\\\/\\\/izoterm-plama.si\\\/en\\\/\",\"logo\":{\"@type\":\"ImageObject\",\"inLanguage\":\"en-US\",\"@id\":\"https:\\\/\\\/izoterm-plama.si\\\/en\\\/#\\\/schema\\\/logo\\\/image\\\/\",\"url\":\"https:\\\/\\\/izoterm-plama.si\\\/wp-content\\\/uploads\\\/2018\\\/04\\\/izoterm-plama-embalaza-izolacija.png\",\"contentUrl\":\"https:\\\/\\\/izoterm-plama.si\\\/wp-content\\\/uploads\\\/2018\\\/04\\\/izoterm-plama-embalaza-izolacija.png\",\"width\":180,\"height\":48,\"caption\":\"Izoterm Plama\"},\"image\":{\"@id\":\"https:\\\/\\\/izoterm-plama.si\\\/en\\\/#\\\/schema\\\/logo\\\/image\\\/\"}}]}<\/script>\n<!-- \/ Yoast SEO plugin. -->","yoast_head_json":{"title":"Tehnical Packaging - Izoterm Plama","robots":{"index":"noindex","follow":"follow"},"og_locale":"en_US","og_type":"article","og_title":"Tehnical Packaging - Izoterm Plama","og_url":"https:\/\/izoterm-plama.si\/en\/embalaza\/tehnicna-embalaza\/","og_site_name":"Izoterm Plama","article_modified_time":"2020-10-04T20:04:16+00:00","og_image":[{"width":1440,"height":400,"url":"https:\/\/izoterm-plama.si\/wp-content\/uploads\/2017\/05\/tehnicna_embalaza.png","type":"image\/png"}],"twitter_card":"summary_large_image","schema":{"@context":"https:\/\/schema.org","@graph":[{"@type":"WebPage","@id":"https:\/\/izoterm-plama.si\/en\/embalaza\/tehnicna-embalaza\/","url":"https:\/\/izoterm-plama.si\/en\/embalaza\/tehnicna-embalaza\/","name":"Tehnical Packaging - Izoterm Plama","isPartOf":{"@id":"https:\/\/izoterm-plama.si\/en\/#website"},"primaryImageOfPage":{"@id":"https:\/\/izoterm-plama.si\/en\/embalaza\/tehnicna-embalaza\/#primaryimage"},"image":{"@id":"https:\/\/izoterm-plama.si\/en\/embalaza\/tehnicna-embalaza\/#primaryimage"},"thumbnailUrl":"https:\/\/izoterm-plama.si\/wp-content\/uploads\/2017\/05\/tehnicna_embalaza.png","datePublished":"2017-05-24T22:25:26+00:00","dateModified":"2020-10-04T20:04:16+00:00","breadcrumb":{"@id":"https:\/\/izoterm-plama.si\/en\/embalaza\/tehnicna-embalaza\/#breadcrumb"},"inLanguage":"en-US","potentialAction":[{"@type":"ReadAction","target":["https:\/\/izoterm-plama.si\/en\/embalaza\/tehnicna-embalaza\/"]}]},{"@type":"ImageObject","inLanguage":"en-US","@id":"https:\/\/izoterm-plama.si\/en\/embalaza\/tehnicna-embalaza\/#primaryimage","url":"https:\/\/izoterm-plama.si\/wp-content\/uploads\/2017\/05\/tehnicna_embalaza.png","contentUrl":"https:\/\/izoterm-plama.si\/wp-content\/uploads\/2017\/05\/tehnicna_embalaza.png","width":1440,"height":400,"caption":"Tehni\u010dna embala\u017ea"},{"@type":"BreadcrumbList","@id":"https:\/\/izoterm-plama.si\/en\/embalaza\/tehnicna-embalaza\/#breadcrumb","itemListElement":[{"@type":"ListItem","position":1,"name":"Home","item":"https:\/\/izoterm-plama.si\/en\/"},{"@type":"ListItem","position":2,"name":"Packaging","item":"https:\/\/izoterm-plama.si\/en\/embalaza\/"},{"@type":"ListItem","position":3,"name":"Tehnical Packaging"}]},{"@type":"WebSite","@id":"https:\/\/izoterm-plama.si\/en\/#website","url":"https:\/\/izoterm-plama.si\/en\/","name":"Izoterm Plama","description":"Specialisti na podro\u010dju izdelkov za toplotno in zvo\u010dno Stran 18 od 24 izolacijo ter embala\u017enega programa.","publisher":{"@id":"https:\/\/izoterm-plama.si\/en\/#organization"},"potentialAction":[{"@type":"SearchAction","target":{"@type":"EntryPoint","urlTemplate":"https:\/\/izoterm-plama.si\/en\/?s={search_term_string}"},"query-input":{"@type":"PropertyValueSpecification","valueRequired":true,"valueName":"search_term_string"}}],"inLanguage":"en-US"},{"@type":"Organization","@id":"https:\/\/izoterm-plama.si\/en\/#organization","name":"Izoterm Plama","url":"https:\/\/izoterm-plama.si\/en\/","logo":{"@type":"ImageObject","inLanguage":"en-US","@id":"https:\/\/izoterm-plama.si\/en\/#\/schema\/logo\/image\/","url":"https:\/\/izoterm-plama.si\/wp-content\/uploads\/2018\/04\/izoterm-plama-embalaza-izolacija.png","contentUrl":"https:\/\/izoterm-plama.si\/wp-content\/uploads\/2018\/04\/izoterm-plama-embalaza-izolacija.png","width":180,"height":48,"caption":"Izoterm Plama"},"image":{"@id":"https:\/\/izoterm-plama.si\/en\/#\/schema\/logo\/image\/"}}]}},"_links":{"self":[{"href":"https:\/\/izoterm-plama.si\/en\/wp-json\/wp\/v2\/pages\/3127","targetHints":{"allow":["GET"]}}],"collection":[{"href":"https:\/\/izoterm-plama.si\/en\/wp-json\/wp\/v2\/pages"}],"about":[{"href":"https:\/\/izoterm-plama.si\/en\/wp-json\/wp\/v2\/types\/page"}],"author":[{"embeddable":true,"href":"https:\/\/izoterm-plama.si\/en\/wp-json\/wp\/v2\/users\/1"}],"replies":[{"embeddable":true,"href":"https:\/\/izoterm-plama.si\/en\/wp-json\/wp\/v2\/comments?post=3127"}],"version-history":[{"count":2,"href":"https:\/\/izoterm-plama.si\/en\/wp-json\/wp\/v2\/pages\/3127\/revisions"}],"predecessor-version":[{"id":8026,"href":"https:\/\/izoterm-plama.si\/en\/wp-json\/wp\/v2\/pages\/3127\/revisions\/8026"}],"up":[{"embeddable":true,"href":"https:\/\/izoterm-plama.si\/en\/wp-json\/wp\/v2\/pages\/3119"}],"wp:featuredmedia":[{"embeddable":true,"href":"https:\/\/izoterm-plama.si\/en\/wp-json\/wp\/v2\/media\/681"}],"wp:attachment":[{"href":"https:\/\/izoterm-plama.si\/en\/wp-json\/wp\/v2\/media?parent=3127"}],"curies":[{"name":"wp","href":"https:\/\/api.w.org\/{rel}","templated":true}]}}