{"id":1817,"date":"2017-05-15T06:39:44","date_gmt":"2017-05-15T06:39:44","guid":{"rendered":"https:\/\/izoterm-plama.si\/standardna-embalaza\/plamacell\/"},"modified":"2018-11-27T09:40:54","modified_gmt":"2018-11-27T08:40:54","slug":"plamacell","status":"publish","type":"page","link":"https:\/\/izoterm-plama.si\/en\/embalaza\/standardna-embalaza\/plamacell\/","title":{"rendered":"PlamaCELL"},"content":{"rendered":"<p>Plama CELL embala\u017ena folija je narejena iz zaprtoceli\u010dnega penjenega polietilena, ki zagotavlja odli\u010dno za\u0161\u010dito ob\u010dutljivih povr\u0161in pred mehanskimi po\u0161kodbami. Folija je lahka, elasti\u010dna in omogo\u010da preprosto uporabo. Penjeni polietilen je po uporabi eden najbolj raz\u0161irjenih polimernih materialov v pakirni industriji. Za penjenje uporabljamo izklju\u010dno okolju prijazne penilce brez CFC ali HCFC.<\/p>\n","protected":false},"excerpt":{"rendered":"<p>Plama CELL embala\u017ena folija je narejena iz zaprtoceli\u010dnega penjenega polietilena, ki zagotavlja odli\u010dno za\u0161\u010dito ob\u010dutljivih povr\u0161in pred mehanskimi po\u0161kodbami. Folija je lahka, elasti\u010dna in omogo\u010da preprosto uporabo. Penjeni polietilen je po uporabi eden najbolj raz\u0161irjenih polimernih materialov v pakirni industriji. Za penjenje uporabljamo izklju\u010dno okolju prijazne penilce brez CFC ali HCFC.<\/p>\n","protected":false},"author":1,"featured_media":678,"parent":3123,"menu_order":1,"comment_status":"closed","ping_status":"closed","template":"product.php","meta":{"_acf_changed":false,"footnotes":""},"class_list":["post-1817","page","type-page","status-publish","has-post-thumbnail","hentry"],"acf":[],"yoast_head":"<!-- This site is optimized with the Yoast SEO plugin v27.3 - https:\/\/yoast.com\/product\/yoast-seo-wordpress\/ -->\n<title>PlamaCELL - Izoterm Plama<\/title>\n<meta name=\"robots\" content=\"noindex, follow\" \/>\n<meta property=\"og:locale\" content=\"en_US\" \/>\n<meta property=\"og:type\" content=\"article\" \/>\n<meta property=\"og:title\" content=\"PlamaCELL - Izoterm Plama\" \/>\n<meta property=\"og:description\" content=\"Plama CELL embala\u017ena folija je narejena iz zaprtoceli\u010dnega penjenega polietilena, ki zagotavlja odli\u010dno za\u0161\u010dito ob\u010dutljivih povr\u0161in pred mehanskimi po\u0161kodbami. Folija je lahka, elasti\u010dna in omogo\u010da preprosto uporabo. Penjeni polietilen je po uporabi eden najbolj raz\u0161irjenih polimernih materialov v pakirni industriji. Za penjenje uporabljamo izklju\u010dno okolju prijazne penilce brez CFC ali HCFC.\" \/>\n<meta property=\"og:url\" content=\"https:\/\/izoterm-plama.si\/en\/embalaza\/standardna-embalaza\/plamacell\/\" \/>\n<meta property=\"og:site_name\" content=\"Izoterm Plama\" \/>\n<meta property=\"article:modified_time\" content=\"2018-11-27T08:40:54+00:00\" \/>\n<meta property=\"og:image\" content=\"https:\/\/izoterm-plama.si\/wp-content\/uploads\/2017\/05\/plamacell.png\" \/>\n\t<meta property=\"og:image:width\" content=\"1440\" \/>\n\t<meta property=\"og:image:height\" content=\"400\" \/>\n\t<meta property=\"og:image:type\" content=\"image\/png\" \/>\n<meta name=\"twitter:card\" content=\"summary_large_image\" \/>\n<script type=\"application\/ld+json\" class=\"yoast-schema-graph\">{\"@context\":\"https:\\\/\\\/schema.org\",\"@graph\":[{\"@type\":\"WebPage\",\"@id\":\"https:\\\/\\\/izoterm-plama.si\\\/en\\\/embalaza\\\/standardna-embalaza\\\/plamacell\\\/\",\"url\":\"https:\\\/\\\/izoterm-plama.si\\\/en\\\/embalaza\\\/standardna-embalaza\\\/plamacell\\\/\",\"name\":\"PlamaCELL - Izoterm Plama\",\"isPartOf\":{\"@id\":\"https:\\\/\\\/izoterm-plama.si\\\/en\\\/#website\"},\"primaryImageOfPage\":{\"@id\":\"https:\\\/\\\/izoterm-plama.si\\\/en\\\/embalaza\\\/standardna-embalaza\\\/plamacell\\\/#primaryimage\"},\"image\":{\"@id\":\"https:\\\/\\\/izoterm-plama.si\\\/en\\\/embalaza\\\/standardna-embalaza\\\/plamacell\\\/#primaryimage\"},\"thumbnailUrl\":\"https:\\\/\\\/izoterm-plama.si\\\/wp-content\\\/uploads\\\/2017\\\/05\\\/plamacell.png\",\"datePublished\":\"2017-05-15T06:39:44+00:00\",\"dateModified\":\"2018-11-27T08:40:54+00:00\",\"breadcrumb\":{\"@id\":\"https:\\\/\\\/izoterm-plama.si\\\/en\\\/embalaza\\\/standardna-embalaza\\\/plamacell\\\/#breadcrumb\"},\"inLanguage\":\"en-US\",\"potentialAction\":[{\"@type\":\"ReadAction\",\"target\":[\"https:\\\/\\\/izoterm-plama.si\\\/en\\\/embalaza\\\/standardna-embalaza\\\/plamacell\\\/\"]}]},{\"@type\":\"ImageObject\",\"inLanguage\":\"en-US\",\"@id\":\"https:\\\/\\\/izoterm-plama.si\\\/en\\\/embalaza\\\/standardna-embalaza\\\/plamacell\\\/#primaryimage\",\"url\":\"https:\\\/\\\/izoterm-plama.si\\\/wp-content\\\/uploads\\\/2017\\\/05\\\/plamacell.png\",\"contentUrl\":\"https:\\\/\\\/izoterm-plama.si\\\/wp-content\\\/uploads\\\/2017\\\/05\\\/plamacell.png\",\"width\":1440,\"height\":400,\"caption\":\"Plamacell\"},{\"@type\":\"BreadcrumbList\",\"@id\":\"https:\\\/\\\/izoterm-plama.si\\\/en\\\/embalaza\\\/standardna-embalaza\\\/plamacell\\\/#breadcrumb\",\"itemListElement\":[{\"@type\":\"ListItem\",\"position\":1,\"name\":\"Home\",\"item\":\"https:\\\/\\\/izoterm-plama.si\\\/en\\\/\"},{\"@type\":\"ListItem\",\"position\":2,\"name\":\"Packaging\",\"item\":\"https:\\\/\\\/izoterm-plama.si\\\/en\\\/embalaza\\\/\"},{\"@type\":\"ListItem\",\"position\":3,\"name\":\"Standard packaging\",\"item\":\"https:\\\/\\\/izoterm-plama.si\\\/en\\\/embalaza\\\/standardna-embalaza\\\/\"},{\"@type\":\"ListItem\",\"position\":4,\"name\":\"PlamaCELL\"}]},{\"@type\":\"WebSite\",\"@id\":\"https:\\\/\\\/izoterm-plama.si\\\/en\\\/#website\",\"url\":\"https:\\\/\\\/izoterm-plama.si\\\/en\\\/\",\"name\":\"Izoterm Plama\",\"description\":\"Specialisti na podro\u010dju izdelkov za toplotno in zvo\u010dno Stran 18 od 24 izolacijo ter embala\u017enega programa.\",\"publisher\":{\"@id\":\"https:\\\/\\\/izoterm-plama.si\\\/en\\\/#organization\"},\"potentialAction\":[{\"@type\":\"SearchAction\",\"target\":{\"@type\":\"EntryPoint\",\"urlTemplate\":\"https:\\\/\\\/izoterm-plama.si\\\/en\\\/?s={search_term_string}\"},\"query-input\":{\"@type\":\"PropertyValueSpecification\",\"valueRequired\":true,\"valueName\":\"search_term_string\"}}],\"inLanguage\":\"en-US\"},{\"@type\":\"Organization\",\"@id\":\"https:\\\/\\\/izoterm-plama.si\\\/en\\\/#organization\",\"name\":\"Izoterm Plama\",\"url\":\"https:\\\/\\\/izoterm-plama.si\\\/en\\\/\",\"logo\":{\"@type\":\"ImageObject\",\"inLanguage\":\"en-US\",\"@id\":\"https:\\\/\\\/izoterm-plama.si\\\/en\\\/#\\\/schema\\\/logo\\\/image\\\/\",\"url\":\"https:\\\/\\\/izoterm-plama.si\\\/wp-content\\\/uploads\\\/2018\\\/04\\\/izoterm-plama-embalaza-izolacija.png\",\"contentUrl\":\"https:\\\/\\\/izoterm-plama.si\\\/wp-content\\\/uploads\\\/2018\\\/04\\\/izoterm-plama-embalaza-izolacija.png\",\"width\":180,\"height\":48,\"caption\":\"Izoterm Plama\"},\"image\":{\"@id\":\"https:\\\/\\\/izoterm-plama.si\\\/en\\\/#\\\/schema\\\/logo\\\/image\\\/\"}}]}<\/script>\n<!-- \/ Yoast SEO plugin. -->","yoast_head_json":{"title":"PlamaCELL - Izoterm Plama","robots":{"index":"noindex","follow":"follow"},"og_locale":"en_US","og_type":"article","og_title":"PlamaCELL - Izoterm Plama","og_description":"Plama CELL embala\u017ena folija je narejena iz zaprtoceli\u010dnega penjenega polietilena, ki zagotavlja odli\u010dno za\u0161\u010dito ob\u010dutljivih povr\u0161in pred mehanskimi po\u0161kodbami. Folija je lahka, elasti\u010dna in omogo\u010da preprosto uporabo. Penjeni polietilen je po uporabi eden najbolj raz\u0161irjenih polimernih materialov v pakirni industriji. Za penjenje uporabljamo izklju\u010dno okolju prijazne penilce brez CFC ali HCFC.","og_url":"https:\/\/izoterm-plama.si\/en\/embalaza\/standardna-embalaza\/plamacell\/","og_site_name":"Izoterm Plama","article_modified_time":"2018-11-27T08:40:54+00:00","og_image":[{"width":1440,"height":400,"url":"https:\/\/izoterm-plama.si\/wp-content\/uploads\/2017\/05\/plamacell.png","type":"image\/png"}],"twitter_card":"summary_large_image","schema":{"@context":"https:\/\/schema.org","@graph":[{"@type":"WebPage","@id":"https:\/\/izoterm-plama.si\/en\/embalaza\/standardna-embalaza\/plamacell\/","url":"https:\/\/izoterm-plama.si\/en\/embalaza\/standardna-embalaza\/plamacell\/","name":"PlamaCELL - Izoterm Plama","isPartOf":{"@id":"https:\/\/izoterm-plama.si\/en\/#website"},"primaryImageOfPage":{"@id":"https:\/\/izoterm-plama.si\/en\/embalaza\/standardna-embalaza\/plamacell\/#primaryimage"},"image":{"@id":"https:\/\/izoterm-plama.si\/en\/embalaza\/standardna-embalaza\/plamacell\/#primaryimage"},"thumbnailUrl":"https:\/\/izoterm-plama.si\/wp-content\/uploads\/2017\/05\/plamacell.png","datePublished":"2017-05-15T06:39:44+00:00","dateModified":"2018-11-27T08:40:54+00:00","breadcrumb":{"@id":"https:\/\/izoterm-plama.si\/en\/embalaza\/standardna-embalaza\/plamacell\/#breadcrumb"},"inLanguage":"en-US","potentialAction":[{"@type":"ReadAction","target":["https:\/\/izoterm-plama.si\/en\/embalaza\/standardna-embalaza\/plamacell\/"]}]},{"@type":"ImageObject","inLanguage":"en-US","@id":"https:\/\/izoterm-plama.si\/en\/embalaza\/standardna-embalaza\/plamacell\/#primaryimage","url":"https:\/\/izoterm-plama.si\/wp-content\/uploads\/2017\/05\/plamacell.png","contentUrl":"https:\/\/izoterm-plama.si\/wp-content\/uploads\/2017\/05\/plamacell.png","width":1440,"height":400,"caption":"Plamacell"},{"@type":"BreadcrumbList","@id":"https:\/\/izoterm-plama.si\/en\/embalaza\/standardna-embalaza\/plamacell\/#breadcrumb","itemListElement":[{"@type":"ListItem","position":1,"name":"Home","item":"https:\/\/izoterm-plama.si\/en\/"},{"@type":"ListItem","position":2,"name":"Packaging","item":"https:\/\/izoterm-plama.si\/en\/embalaza\/"},{"@type":"ListItem","position":3,"name":"Standard packaging","item":"https:\/\/izoterm-plama.si\/en\/embalaza\/standardna-embalaza\/"},{"@type":"ListItem","position":4,"name":"PlamaCELL"}]},{"@type":"WebSite","@id":"https:\/\/izoterm-plama.si\/en\/#website","url":"https:\/\/izoterm-plama.si\/en\/","name":"Izoterm Plama","description":"Specialisti na podro\u010dju izdelkov za toplotno in zvo\u010dno Stran 18 od 24 izolacijo ter embala\u017enega programa.","publisher":{"@id":"https:\/\/izoterm-plama.si\/en\/#organization"},"potentialAction":[{"@type":"SearchAction","target":{"@type":"EntryPoint","urlTemplate":"https:\/\/izoterm-plama.si\/en\/?s={search_term_string}"},"query-input":{"@type":"PropertyValueSpecification","valueRequired":true,"valueName":"search_term_string"}}],"inLanguage":"en-US"},{"@type":"Organization","@id":"https:\/\/izoterm-plama.si\/en\/#organization","name":"Izoterm Plama","url":"https:\/\/izoterm-plama.si\/en\/","logo":{"@type":"ImageObject","inLanguage":"en-US","@id":"https:\/\/izoterm-plama.si\/en\/#\/schema\/logo\/image\/","url":"https:\/\/izoterm-plama.si\/wp-content\/uploads\/2018\/04\/izoterm-plama-embalaza-izolacija.png","contentUrl":"https:\/\/izoterm-plama.si\/wp-content\/uploads\/2018\/04\/izoterm-plama-embalaza-izolacija.png","width":180,"height":48,"caption":"Izoterm Plama"},"image":{"@id":"https:\/\/izoterm-plama.si\/en\/#\/schema\/logo\/image\/"}}]}},"_links":{"self":[{"href":"https:\/\/izoterm-plama.si\/en\/wp-json\/wp\/v2\/pages\/1817","targetHints":{"allow":["GET"]}}],"collection":[{"href":"https:\/\/izoterm-plama.si\/en\/wp-json\/wp\/v2\/pages"}],"about":[{"href":"https:\/\/izoterm-plama.si\/en\/wp-json\/wp\/v2\/types\/page"}],"author":[{"embeddable":true,"href":"https:\/\/izoterm-plama.si\/en\/wp-json\/wp\/v2\/users\/1"}],"replies":[{"embeddable":true,"href":"https:\/\/izoterm-plama.si\/en\/wp-json\/wp\/v2\/comments?post=1817"}],"version-history":[{"count":3,"href":"https:\/\/izoterm-plama.si\/en\/wp-json\/wp\/v2\/pages\/1817\/revisions"}],"predecessor-version":[{"id":4173,"href":"https:\/\/izoterm-plama.si\/en\/wp-json\/wp\/v2\/pages\/1817\/revisions\/4173"}],"up":[{"embeddable":true,"href":"https:\/\/izoterm-plama.si\/en\/wp-json\/wp\/v2\/pages\/3123"}],"wp:featuredmedia":[{"embeddable":true,"href":"https:\/\/izoterm-plama.si\/en\/wp-json\/wp\/v2\/media\/678"}],"wp:attachment":[{"href":"https:\/\/izoterm-plama.si\/en\/wp-json\/wp\/v2\/media?parent=1817"}],"curies":[{"name":"wp","href":"https:\/\/api.w.org\/{rel}","templated":true}]}}