{"id":1807,"date":"2017-05-15T06:41:05","date_gmt":"2017-05-15T06:41:05","guid":{"rendered":"https:\/\/izoterm-plama.si\/tehnicna-embalaza\/et-plank\/"},"modified":"2018-04-12T16:41:29","modified_gmt":"2018-04-12T14:41:29","slug":"et-plank","status":"publish","type":"page","link":"https:\/\/izoterm-plama.si\/en\/embalaza\/tehnicna-embalaza\/et-plank\/","title":{"rendered":"ET-PLANK"},"content":{"rendered":"","protected":false},"excerpt":{"rendered":"","protected":false},"author":1,"featured_media":683,"parent":3127,"menu_order":5,"comment_status":"closed","ping_status":"closed","template":"product.php","meta":{"_acf_changed":false,"footnotes":""},"class_list":["post-1807","page","type-page","status-publish","has-post-thumbnail","hentry"],"acf":[],"yoast_head":"<!-- This site is optimized with the Yoast SEO plugin v27.3 - https:\/\/yoast.com\/product\/yoast-seo-wordpress\/ -->\n<title>ET-PLANK - Izoterm Plama<\/title>\n<meta name=\"robots\" content=\"noindex, follow\" \/>\n<meta property=\"og:locale\" content=\"en_US\" \/>\n<meta property=\"og:type\" content=\"article\" \/>\n<meta property=\"og:title\" content=\"ET-PLANK - Izoterm Plama\" \/>\n<meta property=\"og:url\" content=\"https:\/\/izoterm-plama.si\/en\/embalaza\/tehnicna-embalaza\/et-plank\/\" \/>\n<meta property=\"og:site_name\" content=\"Izoterm Plama\" \/>\n<meta property=\"article:modified_time\" content=\"2018-04-12T14:41:29+00:00\" \/>\n<meta property=\"og:image\" content=\"https:\/\/izoterm-plama.si\/wp-content\/uploads\/2017\/05\/et-plank.png\" \/>\n\t<meta property=\"og:image:width\" content=\"1440\" \/>\n\t<meta property=\"og:image:height\" content=\"400\" \/>\n\t<meta property=\"og:image:type\" content=\"image\/png\" \/>\n<meta name=\"twitter:card\" content=\"summary_large_image\" \/>\n<script type=\"application\/ld+json\" class=\"yoast-schema-graph\">{\"@context\":\"https:\\\/\\\/schema.org\",\"@graph\":[{\"@type\":\"WebPage\",\"@id\":\"https:\\\/\\\/izoterm-plama.si\\\/en\\\/embalaza\\\/tehnicna-embalaza\\\/et-plank\\\/\",\"url\":\"https:\\\/\\\/izoterm-plama.si\\\/en\\\/embalaza\\\/tehnicna-embalaza\\\/et-plank\\\/\",\"name\":\"ET-PLANK - Izoterm Plama\",\"isPartOf\":{\"@id\":\"https:\\\/\\\/izoterm-plama.si\\\/en\\\/#website\"},\"primaryImageOfPage\":{\"@id\":\"https:\\\/\\\/izoterm-plama.si\\\/en\\\/embalaza\\\/tehnicna-embalaza\\\/et-plank\\\/#primaryimage\"},\"image\":{\"@id\":\"https:\\\/\\\/izoterm-plama.si\\\/en\\\/embalaza\\\/tehnicna-embalaza\\\/et-plank\\\/#primaryimage\"},\"thumbnailUrl\":\"https:\\\/\\\/izoterm-plama.si\\\/wp-content\\\/uploads\\\/2017\\\/05\\\/et-plank.png\",\"datePublished\":\"2017-05-15T06:41:05+00:00\",\"dateModified\":\"2018-04-12T14:41:29+00:00\",\"breadcrumb\":{\"@id\":\"https:\\\/\\\/izoterm-plama.si\\\/en\\\/embalaza\\\/tehnicna-embalaza\\\/et-plank\\\/#breadcrumb\"},\"inLanguage\":\"en-US\",\"potentialAction\":[{\"@type\":\"ReadAction\",\"target\":[\"https:\\\/\\\/izoterm-plama.si\\\/en\\\/embalaza\\\/tehnicna-embalaza\\\/et-plank\\\/\"]}]},{\"@type\":\"ImageObject\",\"inLanguage\":\"en-US\",\"@id\":\"https:\\\/\\\/izoterm-plama.si\\\/en\\\/embalaza\\\/tehnicna-embalaza\\\/et-plank\\\/#primaryimage\",\"url\":\"https:\\\/\\\/izoterm-plama.si\\\/wp-content\\\/uploads\\\/2017\\\/05\\\/et-plank.png\",\"contentUrl\":\"https:\\\/\\\/izoterm-plama.si\\\/wp-content\\\/uploads\\\/2017\\\/05\\\/et-plank.png\",\"width\":1440,\"height\":400,\"caption\":\"Et Plank\"},{\"@type\":\"BreadcrumbList\",\"@id\":\"https:\\\/\\\/izoterm-plama.si\\\/en\\\/embalaza\\\/tehnicna-embalaza\\\/et-plank\\\/#breadcrumb\",\"itemListElement\":[{\"@type\":\"ListItem\",\"position\":1,\"name\":\"Home\",\"item\":\"https:\\\/\\\/izoterm-plama.si\\\/en\\\/\"},{\"@type\":\"ListItem\",\"position\":2,\"name\":\"Packaging\",\"item\":\"https:\\\/\\\/izoterm-plama.si\\\/en\\\/embalaza\\\/\"},{\"@type\":\"ListItem\",\"position\":3,\"name\":\"Tehnical Packaging\",\"item\":\"https:\\\/\\\/izoterm-plama.si\\\/en\\\/embalaza\\\/tehnicna-embalaza\\\/\"},{\"@type\":\"ListItem\",\"position\":4,\"name\":\"ET-PLANK\"}]},{\"@type\":\"WebSite\",\"@id\":\"https:\\\/\\\/izoterm-plama.si\\\/en\\\/#website\",\"url\":\"https:\\\/\\\/izoterm-plama.si\\\/en\\\/\",\"name\":\"Izoterm Plama\",\"description\":\"Specialisti na podro\u010dju izdelkov za toplotno in zvo\u010dno Stran 18 od 24 izolacijo ter embala\u017enega programa.\",\"publisher\":{\"@id\":\"https:\\\/\\\/izoterm-plama.si\\\/en\\\/#organization\"},\"potentialAction\":[{\"@type\":\"SearchAction\",\"target\":{\"@type\":\"EntryPoint\",\"urlTemplate\":\"https:\\\/\\\/izoterm-plama.si\\\/en\\\/?s={search_term_string}\"},\"query-input\":{\"@type\":\"PropertyValueSpecification\",\"valueRequired\":true,\"valueName\":\"search_term_string\"}}],\"inLanguage\":\"en-US\"},{\"@type\":\"Organization\",\"@id\":\"https:\\\/\\\/izoterm-plama.si\\\/en\\\/#organization\",\"name\":\"Izoterm Plama\",\"url\":\"https:\\\/\\\/izoterm-plama.si\\\/en\\\/\",\"logo\":{\"@type\":\"ImageObject\",\"inLanguage\":\"en-US\",\"@id\":\"https:\\\/\\\/izoterm-plama.si\\\/en\\\/#\\\/schema\\\/logo\\\/image\\\/\",\"url\":\"https:\\\/\\\/izoterm-plama.si\\\/wp-content\\\/uploads\\\/2018\\\/04\\\/izoterm-plama-embalaza-izolacija.png\",\"contentUrl\":\"https:\\\/\\\/izoterm-plama.si\\\/wp-content\\\/uploads\\\/2018\\\/04\\\/izoterm-plama-embalaza-izolacija.png\",\"width\":180,\"height\":48,\"caption\":\"Izoterm Plama\"},\"image\":{\"@id\":\"https:\\\/\\\/izoterm-plama.si\\\/en\\\/#\\\/schema\\\/logo\\\/image\\\/\"}}]}<\/script>\n<!-- \/ Yoast SEO plugin. -->","yoast_head_json":{"title":"ET-PLANK - Izoterm Plama","robots":{"index":"noindex","follow":"follow"},"og_locale":"en_US","og_type":"article","og_title":"ET-PLANK - Izoterm Plama","og_url":"https:\/\/izoterm-plama.si\/en\/embalaza\/tehnicna-embalaza\/et-plank\/","og_site_name":"Izoterm Plama","article_modified_time":"2018-04-12T14:41:29+00:00","og_image":[{"width":1440,"height":400,"url":"https:\/\/izoterm-plama.si\/wp-content\/uploads\/2017\/05\/et-plank.png","type":"image\/png"}],"twitter_card":"summary_large_image","schema":{"@context":"https:\/\/schema.org","@graph":[{"@type":"WebPage","@id":"https:\/\/izoterm-plama.si\/en\/embalaza\/tehnicna-embalaza\/et-plank\/","url":"https:\/\/izoterm-plama.si\/en\/embalaza\/tehnicna-embalaza\/et-plank\/","name":"ET-PLANK - Izoterm Plama","isPartOf":{"@id":"https:\/\/izoterm-plama.si\/en\/#website"},"primaryImageOfPage":{"@id":"https:\/\/izoterm-plama.si\/en\/embalaza\/tehnicna-embalaza\/et-plank\/#primaryimage"},"image":{"@id":"https:\/\/izoterm-plama.si\/en\/embalaza\/tehnicna-embalaza\/et-plank\/#primaryimage"},"thumbnailUrl":"https:\/\/izoterm-plama.si\/wp-content\/uploads\/2017\/05\/et-plank.png","datePublished":"2017-05-15T06:41:05+00:00","dateModified":"2018-04-12T14:41:29+00:00","breadcrumb":{"@id":"https:\/\/izoterm-plama.si\/en\/embalaza\/tehnicna-embalaza\/et-plank\/#breadcrumb"},"inLanguage":"en-US","potentialAction":[{"@type":"ReadAction","target":["https:\/\/izoterm-plama.si\/en\/embalaza\/tehnicna-embalaza\/et-plank\/"]}]},{"@type":"ImageObject","inLanguage":"en-US","@id":"https:\/\/izoterm-plama.si\/en\/embalaza\/tehnicna-embalaza\/et-plank\/#primaryimage","url":"https:\/\/izoterm-plama.si\/wp-content\/uploads\/2017\/05\/et-plank.png","contentUrl":"https:\/\/izoterm-plama.si\/wp-content\/uploads\/2017\/05\/et-plank.png","width":1440,"height":400,"caption":"Et Plank"},{"@type":"BreadcrumbList","@id":"https:\/\/izoterm-plama.si\/en\/embalaza\/tehnicna-embalaza\/et-plank\/#breadcrumb","itemListElement":[{"@type":"ListItem","position":1,"name":"Home","item":"https:\/\/izoterm-plama.si\/en\/"},{"@type":"ListItem","position":2,"name":"Packaging","item":"https:\/\/izoterm-plama.si\/en\/embalaza\/"},{"@type":"ListItem","position":3,"name":"Tehnical Packaging","item":"https:\/\/izoterm-plama.si\/en\/embalaza\/tehnicna-embalaza\/"},{"@type":"ListItem","position":4,"name":"ET-PLANK"}]},{"@type":"WebSite","@id":"https:\/\/izoterm-plama.si\/en\/#website","url":"https:\/\/izoterm-plama.si\/en\/","name":"Izoterm Plama","description":"Specialisti na podro\u010dju izdelkov za toplotno in zvo\u010dno Stran 18 od 24 izolacijo ter embala\u017enega programa.","publisher":{"@id":"https:\/\/izoterm-plama.si\/en\/#organization"},"potentialAction":[{"@type":"SearchAction","target":{"@type":"EntryPoint","urlTemplate":"https:\/\/izoterm-plama.si\/en\/?s={search_term_string}"},"query-input":{"@type":"PropertyValueSpecification","valueRequired":true,"valueName":"search_term_string"}}],"inLanguage":"en-US"},{"@type":"Organization","@id":"https:\/\/izoterm-plama.si\/en\/#organization","name":"Izoterm Plama","url":"https:\/\/izoterm-plama.si\/en\/","logo":{"@type":"ImageObject","inLanguage":"en-US","@id":"https:\/\/izoterm-plama.si\/en\/#\/schema\/logo\/image\/","url":"https:\/\/izoterm-plama.si\/wp-content\/uploads\/2018\/04\/izoterm-plama-embalaza-izolacija.png","contentUrl":"https:\/\/izoterm-plama.si\/wp-content\/uploads\/2018\/04\/izoterm-plama-embalaza-izolacija.png","width":180,"height":48,"caption":"Izoterm Plama"},"image":{"@id":"https:\/\/izoterm-plama.si\/en\/#\/schema\/logo\/image\/"}}]}},"_links":{"self":[{"href":"https:\/\/izoterm-plama.si\/en\/wp-json\/wp\/v2\/pages\/1807","targetHints":{"allow":["GET"]}}],"collection":[{"href":"https:\/\/izoterm-plama.si\/en\/wp-json\/wp\/v2\/pages"}],"about":[{"href":"https:\/\/izoterm-plama.si\/en\/wp-json\/wp\/v2\/types\/page"}],"author":[{"embeddable":true,"href":"https:\/\/izoterm-plama.si\/en\/wp-json\/wp\/v2\/users\/1"}],"replies":[{"embeddable":true,"href":"https:\/\/izoterm-plama.si\/en\/wp-json\/wp\/v2\/comments?post=1807"}],"version-history":[{"count":2,"href":"https:\/\/izoterm-plama.si\/en\/wp-json\/wp\/v2\/pages\/1807\/revisions"}],"predecessor-version":[{"id":3274,"href":"https:\/\/izoterm-plama.si\/en\/wp-json\/wp\/v2\/pages\/1807\/revisions\/3274"}],"up":[{"embeddable":true,"href":"https:\/\/izoterm-plama.si\/en\/wp-json\/wp\/v2\/pages\/3127"}],"wp:featuredmedia":[{"embeddable":true,"href":"https:\/\/izoterm-plama.si\/en\/wp-json\/wp\/v2\/media\/683"}],"wp:attachment":[{"href":"https:\/\/izoterm-plama.si\/en\/wp-json\/wp\/v2\/media?parent=1807"}],"curies":[{"name":"wp","href":"https:\/\/api.w.org\/{rel}","templated":true}]}}